{"id":22522,"date":"2024-03-18T11:19:35","date_gmt":"2024-03-18T11:19:35","guid":{"rendered":"https:\/\/test.esolutions.free2move.com\/eu\/ueber-uns\/"},"modified":"2026-03-16T16:23:26","modified_gmt":"2026-03-16T16:23:26","slug":"ueber-uns","status":"publish","type":"page","link":"https:\/\/www.esolutions.free2move.com\/eu\/de_de\/ueber-uns\/","title":{"rendered":"\u00dcber uns"},"content":{"rendered":"<div id=\"cs-content\" class=\"cs-content\"><\/div>\n","protected":false},"excerpt":{"rendered":"<p>Home \u00dcber unsDank unserer Leidenschaft f\u00fcr den Wandel und unserer kontinuierlichen technologischen Innovation, Digitalisierung und bahnbrechenden Herangehensweise an Entwicklung, Produktion und Angebot, vereinfachen wir den Zugang und den \u00dcbergang zur Mobilit\u00e4t der Zukunft, indem wir Produkte schaffen, die effizient und einfach zu bedienen sind.Freiheit aufladen Wir nutzen unser technologisches Know-how im Bereich der Automobilindustrie und der Verwaltung und Speicherung von &#8230; <\/p>\n<div><a href=\"https:\/\/www.esolutions.free2move.com\/eu\/de_de\/ueber-uns\/\" class=\"more-link\">Read More<\/a><\/div>\n","protected":false},"author":1,"featured_media":0,"parent":0,"menu_order":0,"comment_status":"closed","ping_status":"closed","template":"template-blank-4.php","meta":{"_acf_changed":false,"inline_featured_image":false,"footnotes":""},"class_list":["post-22522","page","type-page","status-publish","hentry","no-post-thumbnail"],"acf":[],"yoast_head":"<!-- This site is optimized with the Yoast SEO plugin v26.7 - https:\/\/yoast.com\/wordpress\/plugins\/seo\/ -->\n<title>\u00dcber uns | Free2move eSolutions<\/title>\n<meta name=\"description\" content=\"Entdecken Sie, wie unsere unerm\u00fcdliche Innovation und unser bahnbrechender Ansatz den \u00dcbergang zur Mobilit\u00e4t der Zukunft mit effizienten, benutzerfreundlichen Produkten vereinfachen.\" \/>\n<meta name=\"robots\" content=\"index, follow, max-snippet:-1, max-image-preview:large, max-video-preview:-1\" \/>\n<link rel=\"canonical\" href=\"https:\/\/www.esolutions.free2move.com\/eu\/de_de\/ueber-uns\/\" \/>\n<meta property=\"og:locale\" content=\"de_DE\" \/>\n<meta property=\"og:type\" content=\"article\" \/>\n<meta property=\"og:title\" content=\"\u00dcber uns | Free2move eSolutions\" \/>\n<meta property=\"og:description\" content=\"Entdecken Sie, wie unsere unerm\u00fcdliche Innovation und unser bahnbrechender Ansatz den \u00dcbergang zur Mobilit\u00e4t der Zukunft mit effizienten, benutzerfreundlichen Produkten vereinfachen.\" \/>\n<meta property=\"og:url\" content=\"https:\/\/www.esolutions.free2move.com\/eu\/de_de\/ueber-uns\/\" \/>\n<meta property=\"og:site_name\" content=\"eSolution europe\" \/>\n<meta property=\"article:modified_time\" content=\"2026-03-16T16:23:26+00:00\" \/>\n<meta name=\"twitter:card\" content=\"summary_large_image\" \/>\n<meta name=\"twitter:label1\" content=\"Est. reading time\" \/>\n\t<meta name=\"twitter:data1\" content=\"4 minutes\" \/>\n<script type=\"application\/ld+json\" class=\"yoast-schema-graph\">{\"@context\":\"https:\/\/schema.org\",\"@graph\":[{\"@type\":\"WebPage\",\"@id\":\"https:\/\/www.esolutions.free2move.com\/eu\/de_de\/ueber-uns\/\",\"url\":\"https:\/\/www.esolutions.free2move.com\/eu\/de_de\/ueber-uns\/\",\"name\":\"\u00dcber uns | Free2move eSolutions\",\"isPartOf\":{\"@id\":\"https:\/\/www.esolutions.free2move.com\/eu\/en_def\/#website\"},\"datePublished\":\"2024-03-18T11:19:35+00:00\",\"dateModified\":\"2026-03-16T16:23:26+00:00\",\"description\":\"Entdecken Sie, wie unsere unerm\u00fcdliche Innovation und unser bahnbrechender Ansatz den \u00dcbergang zur Mobilit\u00e4t der Zukunft mit effizienten, benutzerfreundlichen Produkten vereinfachen.\",\"breadcrumb\":{\"@id\":\"https:\/\/www.esolutions.free2move.com\/eu\/de_de\/ueber-uns\/#breadcrumb\"},\"inLanguage\":\"de-de\",\"potentialAction\":[{\"@type\":\"ReadAction\",\"target\":[\"https:\/\/www.esolutions.free2move.com\/eu\/de_de\/ueber-uns\/\"]}]},{\"@type\":\"BreadcrumbList\",\"@id\":\"https:\/\/www.esolutions.free2move.com\/eu\/de_de\/ueber-uns\/#breadcrumb\",\"itemListElement\":[{\"@type\":\"ListItem\",\"position\":1,\"name\":\"Home\",\"item\":\"https:\/\/www.esolutions.free2move.com\/eu\/de_de\/\"},{\"@type\":\"ListItem\",\"position\":2,\"name\":\"\u00dcber uns\"}]},{\"@type\":\"WebSite\",\"@id\":\"https:\/\/www.esolutions.free2move.com\/eu\/en_def\/#website\",\"url\":\"https:\/\/www.esolutions.free2move.com\/eu\/en_def\/\",\"name\":\"eSolutions europe\",\"description\":\"\",\"publisher\":{\"@id\":\"https:\/\/www.esolutions.free2move.com\/eu\/en_def\/#organization\"},\"potentialAction\":[{\"@type\":\"SearchAction\",\"target\":{\"@type\":\"EntryPoint\",\"urlTemplate\":\"https:\/\/www.esolutions.free2move.com\/eu\/en_def\/?s={search_term_string}\"},\"query-input\":{\"@type\":\"PropertyValueSpecification\",\"valueRequired\":true,\"valueName\":\"search_term_string\"}}],\"inLanguage\":\"de-de\"},{\"@type\":\"Organization\",\"@id\":\"https:\/\/www.esolutions.free2move.com\/eu\/en_def\/#organization\",\"name\":\"eSolutions europe\",\"url\":\"https:\/\/www.esolutions.free2move.com\/eu\/en_def\/\",\"logo\":{\"@type\":\"ImageObject\",\"inLanguage\":\"de-de\",\"@id\":\"https:\/\/www.esolutions.free2move.com\/eu\/en_def\/#\/schema\/logo\/image\/\",\"url\":\"https:\/\/www.esolutions.free2move.com\/eu\/wp-content\/uploads\/2024\/03\/logo-f2m-horizontal-1-1-1.png\",\"contentUrl\":\"https:\/\/www.esolutions.free2move.com\/eu\/wp-content\/uploads\/2024\/03\/logo-f2m-horizontal-1-1-1.png\",\"width\":865,\"height\":218,\"caption\":\"eSolutions europe\"},\"image\":{\"@id\":\"https:\/\/www.esolutions.free2move.com\/eu\/en_def\/#\/schema\/logo\/image\/\"}}]}<\/script>\n<!-- \/ Yoast SEO plugin. -->","yoast_head_json":{"title":"\u00dcber uns | Free2move eSolutions","description":"Entdecken Sie, wie unsere unerm\u00fcdliche Innovation und unser bahnbrechender Ansatz den \u00dcbergang zur Mobilit\u00e4t der Zukunft mit effizienten, benutzerfreundlichen Produkten vereinfachen.","robots":{"index":"index","follow":"follow","max-snippet":"max-snippet:-1","max-image-preview":"max-image-preview:large","max-video-preview":"max-video-preview:-1"},"canonical":"https:\/\/www.esolutions.free2move.com\/eu\/de_de\/ueber-uns\/","og_locale":"de_DE","og_type":"article","og_title":"\u00dcber uns | Free2move eSolutions","og_description":"Entdecken Sie, wie unsere unerm\u00fcdliche Innovation und unser bahnbrechender Ansatz den \u00dcbergang zur Mobilit\u00e4t der Zukunft mit effizienten, benutzerfreundlichen Produkten vereinfachen.","og_url":"https:\/\/www.esolutions.free2move.com\/eu\/de_de\/ueber-uns\/","og_site_name":"eSolution europe","article_modified_time":"2026-03-16T16:23:26+00:00","twitter_card":"summary_large_image","twitter_misc":{"Est. reading time":"4 minutes"},"schema":{"@context":"https:\/\/schema.org","@graph":[{"@type":"WebPage","@id":"https:\/\/www.esolutions.free2move.com\/eu\/de_de\/ueber-uns\/","url":"https:\/\/www.esolutions.free2move.com\/eu\/de_de\/ueber-uns\/","name":"\u00dcber uns | Free2move eSolutions","isPartOf":{"@id":"https:\/\/www.esolutions.free2move.com\/eu\/en_def\/#website"},"datePublished":"2024-03-18T11:19:35+00:00","dateModified":"2026-03-16T16:23:26+00:00","description":"Entdecken Sie, wie unsere unerm\u00fcdliche Innovation und unser bahnbrechender Ansatz den \u00dcbergang zur Mobilit\u00e4t der Zukunft mit effizienten, benutzerfreundlichen Produkten vereinfachen.","breadcrumb":{"@id":"https:\/\/www.esolutions.free2move.com\/eu\/de_de\/ueber-uns\/#breadcrumb"},"inLanguage":"de-de","potentialAction":[{"@type":"ReadAction","target":["https:\/\/www.esolutions.free2move.com\/eu\/de_de\/ueber-uns\/"]}]},{"@type":"BreadcrumbList","@id":"https:\/\/www.esolutions.free2move.com\/eu\/de_de\/ueber-uns\/#breadcrumb","itemListElement":[{"@type":"ListItem","position":1,"name":"Home","item":"https:\/\/www.esolutions.free2move.com\/eu\/de_de\/"},{"@type":"ListItem","position":2,"name":"\u00dcber uns"}]},{"@type":"WebSite","@id":"https:\/\/www.esolutions.free2move.com\/eu\/en_def\/#website","url":"https:\/\/www.esolutions.free2move.com\/eu\/en_def\/","name":"eSolutions europe","description":"","publisher":{"@id":"https:\/\/www.esolutions.free2move.com\/eu\/en_def\/#organization"},"potentialAction":[{"@type":"SearchAction","target":{"@type":"EntryPoint","urlTemplate":"https:\/\/www.esolutions.free2move.com\/eu\/en_def\/?s={search_term_string}"},"query-input":{"@type":"PropertyValueSpecification","valueRequired":true,"valueName":"search_term_string"}}],"inLanguage":"de-de"},{"@type":"Organization","@id":"https:\/\/www.esolutions.free2move.com\/eu\/en_def\/#organization","name":"eSolutions europe","url":"https:\/\/www.esolutions.free2move.com\/eu\/en_def\/","logo":{"@type":"ImageObject","inLanguage":"de-de","@id":"https:\/\/www.esolutions.free2move.com\/eu\/en_def\/#\/schema\/logo\/image\/","url":"https:\/\/www.esolutions.free2move.com\/eu\/wp-content\/uploads\/2024\/03\/logo-f2m-horizontal-1-1-1.png","contentUrl":"https:\/\/www.esolutions.free2move.com\/eu\/wp-content\/uploads\/2024\/03\/logo-f2m-horizontal-1-1-1.png","width":865,"height":218,"caption":"eSolutions europe"},"image":{"@id":"https:\/\/www.esolutions.free2move.com\/eu\/en_def\/#\/schema\/logo\/image\/"}}]}},"_links":{"self":[{"href":"https:\/\/www.esolutions.free2move.com\/eu\/de_de\/wp-json\/wp\/v2\/pages\/22522","targetHints":{"allow":["GET"]}}],"collection":[{"href":"https:\/\/www.esolutions.free2move.com\/eu\/de_de\/wp-json\/wp\/v2\/pages"}],"about":[{"href":"https:\/\/www.esolutions.free2move.com\/eu\/de_de\/wp-json\/wp\/v2\/types\/page"}],"author":[{"embeddable":true,"href":"https:\/\/www.esolutions.free2move.com\/eu\/de_de\/wp-json\/wp\/v2\/users\/1"}],"replies":[{"embeddable":true,"href":"https:\/\/www.esolutions.free2move.com\/eu\/de_de\/wp-json\/wp\/v2\/comments?post=22522"}],"version-history":[{"count":3,"href":"https:\/\/www.esolutions.free2move.com\/eu\/de_de\/wp-json\/wp\/v2\/pages\/22522\/revisions"}],"predecessor-version":[{"id":64590,"href":"https:\/\/www.esolutions.free2move.com\/eu\/de_de\/wp-json\/wp\/v2\/pages\/22522\/revisions\/64590"}],"wp:attachment":[{"href":"https:\/\/www.esolutions.free2move.com\/eu\/de_de\/wp-json\/wp\/v2\/media?parent=22522"}],"curies":[{"name":"wp","href":"https:\/\/api.w.org\/{rel}","templated":true}]}}