{"id":22510,"date":"2024-03-18T16:27:08","date_gmt":"2024-03-18T16:27:08","guid":{"rendered":"https:\/\/test.esolutions.free2move.com\/eu\/elektroauto-ladestation-fur-unternehmenn\/powermeter\/"},"modified":"2024-05-10T12:11:52","modified_gmt":"2024-05-10T12:11:52","slug":"powermeter","status":"publish","type":"page","link":"https:\/\/www.esolutions.free2move.com\/eu\/de_de\/elektroauto-ladestation-fur-unternehmenn\/powermeter\/","title":{"rendered":"PowerMeter"},"content":{"rendered":"<div id=\"cs-content\" class=\"cs-content\"><\/div>\n","protected":false},"excerpt":{"rendered":"<p>Home PowerMeterIntelligentes und effizientes LademanagementPowerMeter f\u00fchrt Sie in das intelligente Energiemanagement ein, indem es Dynamic Power Management (DPM) erm\u00f6glicht, eine innovative Funktion, die die Art und Weise, wie Sie Ihr Elektrofahrzeug aufladen, ver\u00e4ndert. Machen Sie sich keine Sorgen mehr \u00fcber Stromausf\u00e4lle oder Energieknappheit; PowerMeter sorgt f\u00fcr ein nahtloses Ladeerlebnis, indem es die verf\u00fcgbare Energie in Ihrem Haus oder Unternehmen nutzt.Wir &#8230; <\/p>\n<div><a href=\"https:\/\/www.esolutions.free2move.com\/eu\/de_de\/elektroauto-ladestation-fur-unternehmenn\/powermeter\/\" class=\"more-link\">Read More<\/a><\/div>\n","protected":false},"author":1,"featured_media":0,"parent":22466,"menu_order":0,"comment_status":"closed","ping_status":"closed","template":"template-blank-4.php","meta":{"_acf_changed":false,"inline_featured_image":false,"footnotes":""},"class_list":["post-22510","page","type-page","status-publish","hentry","no-post-thumbnail"],"acf":[],"yoast_head":"<!-- This site is optimized with the Yoast SEO plugin v26.7 - https:\/\/yoast.com\/wordpress\/plugins\/seo\/ -->\n<title>PowerMeter | Free2move eSolutions<\/title>\n<meta name=\"description\" content=\"Greifen Sie in unserer umfassenden Bibliothek auf technische Spezifikationen, Installationsanleitungen und Brosch\u00fcren f\u00fcr Leistungsmessger\u00e4te zu.\" \/>\n<meta name=\"robots\" content=\"index, follow, max-snippet:-1, max-image-preview:large, max-video-preview:-1\" \/>\n<link rel=\"canonical\" href=\"https:\/\/www.esolutions.free2move.com\/eu\/de_de\/elektroauto-ladestation-fur-unternehmenn\/powermeter\/\" \/>\n<meta property=\"og:locale\" content=\"de_DE\" \/>\n<meta property=\"og:type\" content=\"article\" \/>\n<meta property=\"og:title\" content=\"PowerMeter | Free2move eSolutions\" \/>\n<meta property=\"og:description\" content=\"Greifen Sie in unserer umfassenden Bibliothek auf technische Spezifikationen, Installationsanleitungen und Brosch\u00fcren f\u00fcr Leistungsmessger\u00e4te zu.\" \/>\n<meta property=\"og:url\" content=\"https:\/\/www.esolutions.free2move.com\/eu\/de_de\/elektroauto-ladestation-fur-unternehmenn\/powermeter\/\" \/>\n<meta property=\"og:site_name\" content=\"eSolution europe\" \/>\n<meta property=\"article:modified_time\" content=\"2024-05-10T12:11:52+00:00\" \/>\n<meta name=\"twitter:card\" content=\"summary_large_image\" \/>\n<meta name=\"twitter:label1\" content=\"Est. reading time\" \/>\n\t<meta name=\"twitter:data1\" content=\"10 minutes\" \/>\n<script type=\"application\/ld+json\" class=\"yoast-schema-graph\">{\"@context\":\"https:\/\/schema.org\",\"@graph\":[{\"@type\":\"WebPage\",\"@id\":\"https:\/\/www.esolutions.free2move.com\/eu\/de_de\/elektroauto-ladestation-fur-unternehmenn\/powermeter\/\",\"url\":\"https:\/\/www.esolutions.free2move.com\/eu\/de_de\/elektroauto-ladestation-fur-unternehmenn\/powermeter\/\",\"name\":\"PowerMeter | Free2move eSolutions\",\"isPartOf\":{\"@id\":\"https:\/\/www.esolutions.free2move.com\/eu\/en_def\/#website\"},\"datePublished\":\"2024-03-18T16:27:08+00:00\",\"dateModified\":\"2024-05-10T12:11:52+00:00\",\"description\":\"Greifen Sie in unserer umfassenden Bibliothek auf technische Spezifikationen, Installationsanleitungen und Brosch\u00fcren f\u00fcr Leistungsmessger\u00e4te zu.\",\"breadcrumb\":{\"@id\":\"https:\/\/www.esolutions.free2move.com\/eu\/de_de\/elektroauto-ladestation-fur-unternehmenn\/powermeter\/#breadcrumb\"},\"inLanguage\":\"de-de\",\"potentialAction\":[{\"@type\":\"ReadAction\",\"target\":[\"https:\/\/www.esolutions.free2move.com\/eu\/de_de\/elektroauto-ladestation-fur-unternehmenn\/powermeter\/\"]}]},{\"@type\":\"BreadcrumbList\",\"@id\":\"https:\/\/www.esolutions.free2move.com\/eu\/de_de\/elektroauto-ladestation-fur-unternehmenn\/powermeter\/#breadcrumb\",\"itemListElement\":[{\"@type\":\"ListItem\",\"position\":1,\"name\":\"Home\",\"item\":\"https:\/\/www.esolutions.free2move.com\/eu\/de_de\/\"},{\"@type\":\"ListItem\",\"position\":2,\"name\":\"Geb\u00fchren f\u00fcr Unternehmen\",\"item\":\"https:\/\/www.esolutions.free2move.com\/eu\/de_de\/elektroauto-ladestation-fur-unternehmenn\/\"},{\"@type\":\"ListItem\",\"position\":3,\"name\":\"PowerMeter\"}]},{\"@type\":\"WebSite\",\"@id\":\"https:\/\/www.esolutions.free2move.com\/eu\/en_def\/#website\",\"url\":\"https:\/\/www.esolutions.free2move.com\/eu\/en_def\/\",\"name\":\"eSolutions europe\",\"description\":\"\",\"publisher\":{\"@id\":\"https:\/\/www.esolutions.free2move.com\/eu\/en_def\/#organization\"},\"potentialAction\":[{\"@type\":\"SearchAction\",\"target\":{\"@type\":\"EntryPoint\",\"urlTemplate\":\"https:\/\/www.esolutions.free2move.com\/eu\/en_def\/?s={search_term_string}\"},\"query-input\":{\"@type\":\"PropertyValueSpecification\",\"valueRequired\":true,\"valueName\":\"search_term_string\"}}],\"inLanguage\":\"de-de\"},{\"@type\":\"Organization\",\"@id\":\"https:\/\/www.esolutions.free2move.com\/eu\/en_def\/#organization\",\"name\":\"eSolutions europe\",\"url\":\"https:\/\/www.esolutions.free2move.com\/eu\/en_def\/\",\"logo\":{\"@type\":\"ImageObject\",\"inLanguage\":\"de-de\",\"@id\":\"https:\/\/www.esolutions.free2move.com\/eu\/en_def\/#\/schema\/logo\/image\/\",\"url\":\"https:\/\/www.esolutions.free2move.com\/eu\/wp-content\/uploads\/2024\/03\/logo-f2m-horizontal-1-1-1.png\",\"contentUrl\":\"https:\/\/www.esolutions.free2move.com\/eu\/wp-content\/uploads\/2024\/03\/logo-f2m-horizontal-1-1-1.png\",\"width\":865,\"height\":218,\"caption\":\"eSolutions europe\"},\"image\":{\"@id\":\"https:\/\/www.esolutions.free2move.com\/eu\/en_def\/#\/schema\/logo\/image\/\"}}]}<\/script>\n<!-- \/ Yoast SEO plugin. -->","yoast_head_json":{"title":"PowerMeter | Free2move eSolutions","description":"Greifen Sie in unserer umfassenden Bibliothek auf technische Spezifikationen, Installationsanleitungen und Brosch\u00fcren f\u00fcr Leistungsmessger\u00e4te zu.","robots":{"index":"index","follow":"follow","max-snippet":"max-snippet:-1","max-image-preview":"max-image-preview:large","max-video-preview":"max-video-preview:-1"},"canonical":"https:\/\/www.esolutions.free2move.com\/eu\/de_de\/elektroauto-ladestation-fur-unternehmenn\/powermeter\/","og_locale":"de_DE","og_type":"article","og_title":"PowerMeter | Free2move eSolutions","og_description":"Greifen Sie in unserer umfassenden Bibliothek auf technische Spezifikationen, Installationsanleitungen und Brosch\u00fcren f\u00fcr Leistungsmessger\u00e4te zu.","og_url":"https:\/\/www.esolutions.free2move.com\/eu\/de_de\/elektroauto-ladestation-fur-unternehmenn\/powermeter\/","og_site_name":"eSolution europe","article_modified_time":"2024-05-10T12:11:52+00:00","twitter_card":"summary_large_image","twitter_misc":{"Est. reading time":"10 minutes"},"schema":{"@context":"https:\/\/schema.org","@graph":[{"@type":"WebPage","@id":"https:\/\/www.esolutions.free2move.com\/eu\/de_de\/elektroauto-ladestation-fur-unternehmenn\/powermeter\/","url":"https:\/\/www.esolutions.free2move.com\/eu\/de_de\/elektroauto-ladestation-fur-unternehmenn\/powermeter\/","name":"PowerMeter | Free2move eSolutions","isPartOf":{"@id":"https:\/\/www.esolutions.free2move.com\/eu\/en_def\/#website"},"datePublished":"2024-03-18T16:27:08+00:00","dateModified":"2024-05-10T12:11:52+00:00","description":"Greifen Sie in unserer umfassenden Bibliothek auf technische Spezifikationen, Installationsanleitungen und Brosch\u00fcren f\u00fcr Leistungsmessger\u00e4te zu.","breadcrumb":{"@id":"https:\/\/www.esolutions.free2move.com\/eu\/de_de\/elektroauto-ladestation-fur-unternehmenn\/powermeter\/#breadcrumb"},"inLanguage":"de-de","potentialAction":[{"@type":"ReadAction","target":["https:\/\/www.esolutions.free2move.com\/eu\/de_de\/elektroauto-ladestation-fur-unternehmenn\/powermeter\/"]}]},{"@type":"BreadcrumbList","@id":"https:\/\/www.esolutions.free2move.com\/eu\/de_de\/elektroauto-ladestation-fur-unternehmenn\/powermeter\/#breadcrumb","itemListElement":[{"@type":"ListItem","position":1,"name":"Home","item":"https:\/\/www.esolutions.free2move.com\/eu\/de_de\/"},{"@type":"ListItem","position":2,"name":"Geb\u00fchren f\u00fcr Unternehmen","item":"https:\/\/www.esolutions.free2move.com\/eu\/de_de\/elektroauto-ladestation-fur-unternehmenn\/"},{"@type":"ListItem","position":3,"name":"PowerMeter"}]},{"@type":"WebSite","@id":"https:\/\/www.esolutions.free2move.com\/eu\/en_def\/#website","url":"https:\/\/www.esolutions.free2move.com\/eu\/en_def\/","name":"eSolutions europe","description":"","publisher":{"@id":"https:\/\/www.esolutions.free2move.com\/eu\/en_def\/#organization"},"potentialAction":[{"@type":"SearchAction","target":{"@type":"EntryPoint","urlTemplate":"https:\/\/www.esolutions.free2move.com\/eu\/en_def\/?s={search_term_string}"},"query-input":{"@type":"PropertyValueSpecification","valueRequired":true,"valueName":"search_term_string"}}],"inLanguage":"de-de"},{"@type":"Organization","@id":"https:\/\/www.esolutions.free2move.com\/eu\/en_def\/#organization","name":"eSolutions europe","url":"https:\/\/www.esolutions.free2move.com\/eu\/en_def\/","logo":{"@type":"ImageObject","inLanguage":"de-de","@id":"https:\/\/www.esolutions.free2move.com\/eu\/en_def\/#\/schema\/logo\/image\/","url":"https:\/\/www.esolutions.free2move.com\/eu\/wp-content\/uploads\/2024\/03\/logo-f2m-horizontal-1-1-1.png","contentUrl":"https:\/\/www.esolutions.free2move.com\/eu\/wp-content\/uploads\/2024\/03\/logo-f2m-horizontal-1-1-1.png","width":865,"height":218,"caption":"eSolutions europe"},"image":{"@id":"https:\/\/www.esolutions.free2move.com\/eu\/en_def\/#\/schema\/logo\/image\/"}}]}},"_links":{"self":[{"href":"https:\/\/www.esolutions.free2move.com\/eu\/de_de\/wp-json\/wp\/v2\/pages\/22510","targetHints":{"allow":["GET"]}}],"collection":[{"href":"https:\/\/www.esolutions.free2move.com\/eu\/de_de\/wp-json\/wp\/v2\/pages"}],"about":[{"href":"https:\/\/www.esolutions.free2move.com\/eu\/de_de\/wp-json\/wp\/v2\/types\/page"}],"author":[{"embeddable":true,"href":"https:\/\/www.esolutions.free2move.com\/eu\/de_de\/wp-json\/wp\/v2\/users\/1"}],"replies":[{"embeddable":true,"href":"https:\/\/www.esolutions.free2move.com\/eu\/de_de\/wp-json\/wp\/v2\/comments?post=22510"}],"version-history":[{"count":0,"href":"https:\/\/www.esolutions.free2move.com\/eu\/de_de\/wp-json\/wp\/v2\/pages\/22510\/revisions"}],"up":[{"embeddable":true,"href":"https:\/\/www.esolutions.free2move.com\/eu\/de_de\/wp-json\/wp\/v2\/pages\/22466"}],"wp:attachment":[{"href":"https:\/\/www.esolutions.free2move.com\/eu\/de_de\/wp-json\/wp\/v2\/media?parent=22510"}],"curies":[{"name":"wp","href":"https:\/\/api.w.org\/{rel}","templated":true}]}}