{"id":22470,"date":"2024-03-18T14:48:14","date_gmt":"2024-03-18T14:48:14","guid":{"rendered":"https:\/\/test.esolutions.free2move.com\/eu\/giovanni-ravina\/"},"modified":"2024-03-18T14:48:14","modified_gmt":"2024-03-18T14:48:14","slug":"giovanni-ravina","status":"publish","type":"page","link":"https:\/\/www.esolutions.free2move.com\/eu\/de_de\/governance-und-ethik\/giovanni-ravina\/","title":{"rendered":"Giovanni Ravina"},"content":{"rendered":"<div id=\"cs-content\" class=\"cs-content\"><\/div>\n","protected":false},"excerpt":{"rendered":"<p>HomeGiovanni Ravina Gesch\u00e4ftsf\u00fchrender Direktor &nbsp; Giovanni Ravina kam 2018 zu NHOA (ex-Engie EPS) und ist nun Chief Executive Officer f\u00fcr Atlante Iberia. Au\u00dferdem ist er Vorstandsmitglied von Tiko Italy, TechStars-Mentor und Mitglied des SocialFare Advisory Board. Bevor er zu NHOA kam, war Giovanni Ravina Vorstandsmitglied von StreetLight Data und Opus One Solutions und verf\u00fcgte \u00fcber eine lange und best\u00e4ndige Erfahrung &#8230; <\/p>\n<div><a href=\"https:\/\/www.esolutions.free2move.com\/eu\/de_de\/governance-und-ethik\/giovanni-ravina\/\" class=\"more-link\">Read More<\/a><\/div>\n","protected":false},"author":1,"featured_media":0,"parent":22474,"menu_order":0,"comment_status":"closed","ping_status":"closed","template":"template-blank-4.php","meta":{"_acf_changed":false,"inline_featured_image":false,"footnotes":""},"class_list":["post-22470","page","type-page","status-publish","hentry","no-post-thumbnail"],"acf":[],"yoast_head":"<!-- This site is optimized with the Yoast SEO plugin v26.7 - https:\/\/yoast.com\/wordpress\/plugins\/seo\/ -->\n<title>Giovanni Ravina - eSolution europe<\/title>\n<meta name=\"robots\" content=\"index, follow, max-snippet:-1, max-image-preview:large, max-video-preview:-1\" \/>\n<link rel=\"canonical\" href=\"https:\/\/www.esolutions.free2move.com\/eu\/de_de\/governance-und-ethik\/giovanni-ravina\/\" \/>\n<meta property=\"og:locale\" content=\"de_DE\" \/>\n<meta property=\"og:type\" content=\"article\" \/>\n<meta property=\"og:title\" content=\"Giovanni Ravina - eSolution europe\" \/>\n<meta property=\"og:description\" content=\"HomeGiovanni Ravina Gesch\u00e4ftsf\u00fchrender Direktor &nbsp; Giovanni Ravina kam 2018 zu NHOA (ex-Engie EPS) und ist nun Chief Executive Officer f\u00fcr Atlante Iberia. Au\u00dferdem ist er Vorstandsmitglied von Tiko Italy, TechStars-Mentor und Mitglied des SocialFare Advisory Board. Bevor er zu NHOA kam, war Giovanni Ravina Vorstandsmitglied von StreetLight Data und Opus One Solutions und verf\u00fcgte \u00fcber eine lange und best\u00e4ndige Erfahrung ... Read More\" \/>\n<meta property=\"og:url\" content=\"https:\/\/www.esolutions.free2move.com\/eu\/de_de\/governance-und-ethik\/giovanni-ravina\/\" \/>\n<meta property=\"og:site_name\" content=\"eSolution europe\" \/>\n<meta name=\"twitter:card\" content=\"summary_large_image\" \/>\n<meta name=\"twitter:label1\" content=\"Est. reading time\" \/>\n\t<meta name=\"twitter:data1\" content=\"1 minute\" \/>\n<script type=\"application\/ld+json\" class=\"yoast-schema-graph\">{\"@context\":\"https:\/\/schema.org\",\"@graph\":[{\"@type\":\"WebPage\",\"@id\":\"https:\/\/www.esolutions.free2move.com\/eu\/de_de\/governance-und-ethik\/giovanni-ravina\/\",\"url\":\"https:\/\/www.esolutions.free2move.com\/eu\/de_de\/governance-und-ethik\/giovanni-ravina\/\",\"name\":\"Giovanni Ravina - eSolution europe\",\"isPartOf\":{\"@id\":\"https:\/\/www.esolutions.free2move.com\/eu\/en_def\/#website\"},\"datePublished\":\"2024-03-18T14:48:14+00:00\",\"breadcrumb\":{\"@id\":\"https:\/\/www.esolutions.free2move.com\/eu\/de_de\/governance-und-ethik\/giovanni-ravina\/#breadcrumb\"},\"inLanguage\":\"de-de\",\"potentialAction\":[{\"@type\":\"ReadAction\",\"target\":[\"https:\/\/www.esolutions.free2move.com\/eu\/de_de\/governance-und-ethik\/giovanni-ravina\/\"]}]},{\"@type\":\"BreadcrumbList\",\"@id\":\"https:\/\/www.esolutions.free2move.com\/eu\/de_de\/governance-und-ethik\/giovanni-ravina\/#breadcrumb\",\"itemListElement\":[{\"@type\":\"ListItem\",\"position\":1,\"name\":\"Home\",\"item\":\"https:\/\/www.esolutions.free2move.com\/eu\/de_de\/\"},{\"@type\":\"ListItem\",\"position\":2,\"name\":\"Governance und Ethik\",\"item\":\"https:\/\/www.esolutions.free2move.com\/eu\/de_de\/governance-und-ethik\/\"},{\"@type\":\"ListItem\",\"position\":3,\"name\":\"Giovanni Ravina\"}]},{\"@type\":\"WebSite\",\"@id\":\"https:\/\/www.esolutions.free2move.com\/eu\/en_def\/#website\",\"url\":\"https:\/\/www.esolutions.free2move.com\/eu\/en_def\/\",\"name\":\"eSolutions europe\",\"description\":\"\",\"publisher\":{\"@id\":\"https:\/\/www.esolutions.free2move.com\/eu\/en_def\/#organization\"},\"potentialAction\":[{\"@type\":\"SearchAction\",\"target\":{\"@type\":\"EntryPoint\",\"urlTemplate\":\"https:\/\/www.esolutions.free2move.com\/eu\/en_def\/?s={search_term_string}\"},\"query-input\":{\"@type\":\"PropertyValueSpecification\",\"valueRequired\":true,\"valueName\":\"search_term_string\"}}],\"inLanguage\":\"de-de\"},{\"@type\":\"Organization\",\"@id\":\"https:\/\/www.esolutions.free2move.com\/eu\/en_def\/#organization\",\"name\":\"eSolutions europe\",\"url\":\"https:\/\/www.esolutions.free2move.com\/eu\/en_def\/\",\"logo\":{\"@type\":\"ImageObject\",\"inLanguage\":\"de-de\",\"@id\":\"https:\/\/www.esolutions.free2move.com\/eu\/en_def\/#\/schema\/logo\/image\/\",\"url\":\"https:\/\/www.esolutions.free2move.com\/eu\/wp-content\/uploads\/2024\/03\/logo-f2m-horizontal-1-1-1.png\",\"contentUrl\":\"https:\/\/www.esolutions.free2move.com\/eu\/wp-content\/uploads\/2024\/03\/logo-f2m-horizontal-1-1-1.png\",\"width\":865,\"height\":218,\"caption\":\"eSolutions europe\"},\"image\":{\"@id\":\"https:\/\/www.esolutions.free2move.com\/eu\/en_def\/#\/schema\/logo\/image\/\"}}]}<\/script>\n<!-- \/ Yoast SEO plugin. -->","yoast_head_json":{"title":"Giovanni Ravina - eSolution europe","robots":{"index":"index","follow":"follow","max-snippet":"max-snippet:-1","max-image-preview":"max-image-preview:large","max-video-preview":"max-video-preview:-1"},"canonical":"https:\/\/www.esolutions.free2move.com\/eu\/de_de\/governance-und-ethik\/giovanni-ravina\/","og_locale":"de_DE","og_type":"article","og_title":"Giovanni Ravina - eSolution europe","og_description":"HomeGiovanni Ravina Gesch\u00e4ftsf\u00fchrender Direktor &nbsp; Giovanni Ravina kam 2018 zu NHOA (ex-Engie EPS) und ist nun Chief Executive Officer f\u00fcr Atlante Iberia. Au\u00dferdem ist er Vorstandsmitglied von Tiko Italy, TechStars-Mentor und Mitglied des SocialFare Advisory Board. Bevor er zu NHOA kam, war Giovanni Ravina Vorstandsmitglied von StreetLight Data und Opus One Solutions und verf\u00fcgte \u00fcber eine lange und best\u00e4ndige Erfahrung ... Read More","og_url":"https:\/\/www.esolutions.free2move.com\/eu\/de_de\/governance-und-ethik\/giovanni-ravina\/","og_site_name":"eSolution europe","twitter_card":"summary_large_image","twitter_misc":{"Est. reading time":"1 minute"},"schema":{"@context":"https:\/\/schema.org","@graph":[{"@type":"WebPage","@id":"https:\/\/www.esolutions.free2move.com\/eu\/de_de\/governance-und-ethik\/giovanni-ravina\/","url":"https:\/\/www.esolutions.free2move.com\/eu\/de_de\/governance-und-ethik\/giovanni-ravina\/","name":"Giovanni Ravina - eSolution europe","isPartOf":{"@id":"https:\/\/www.esolutions.free2move.com\/eu\/en_def\/#website"},"datePublished":"2024-03-18T14:48:14+00:00","breadcrumb":{"@id":"https:\/\/www.esolutions.free2move.com\/eu\/de_de\/governance-und-ethik\/giovanni-ravina\/#breadcrumb"},"inLanguage":"de-de","potentialAction":[{"@type":"ReadAction","target":["https:\/\/www.esolutions.free2move.com\/eu\/de_de\/governance-und-ethik\/giovanni-ravina\/"]}]},{"@type":"BreadcrumbList","@id":"https:\/\/www.esolutions.free2move.com\/eu\/de_de\/governance-und-ethik\/giovanni-ravina\/#breadcrumb","itemListElement":[{"@type":"ListItem","position":1,"name":"Home","item":"https:\/\/www.esolutions.free2move.com\/eu\/de_de\/"},{"@type":"ListItem","position":2,"name":"Governance und Ethik","item":"https:\/\/www.esolutions.free2move.com\/eu\/de_de\/governance-und-ethik\/"},{"@type":"ListItem","position":3,"name":"Giovanni Ravina"}]},{"@type":"WebSite","@id":"https:\/\/www.esolutions.free2move.com\/eu\/en_def\/#website","url":"https:\/\/www.esolutions.free2move.com\/eu\/en_def\/","name":"eSolutions europe","description":"","publisher":{"@id":"https:\/\/www.esolutions.free2move.com\/eu\/en_def\/#organization"},"potentialAction":[{"@type":"SearchAction","target":{"@type":"EntryPoint","urlTemplate":"https:\/\/www.esolutions.free2move.com\/eu\/en_def\/?s={search_term_string}"},"query-input":{"@type":"PropertyValueSpecification","valueRequired":true,"valueName":"search_term_string"}}],"inLanguage":"de-de"},{"@type":"Organization","@id":"https:\/\/www.esolutions.free2move.com\/eu\/en_def\/#organization","name":"eSolutions europe","url":"https:\/\/www.esolutions.free2move.com\/eu\/en_def\/","logo":{"@type":"ImageObject","inLanguage":"de-de","@id":"https:\/\/www.esolutions.free2move.com\/eu\/en_def\/#\/schema\/logo\/image\/","url":"https:\/\/www.esolutions.free2move.com\/eu\/wp-content\/uploads\/2024\/03\/logo-f2m-horizontal-1-1-1.png","contentUrl":"https:\/\/www.esolutions.free2move.com\/eu\/wp-content\/uploads\/2024\/03\/logo-f2m-horizontal-1-1-1.png","width":865,"height":218,"caption":"eSolutions europe"},"image":{"@id":"https:\/\/www.esolutions.free2move.com\/eu\/en_def\/#\/schema\/logo\/image\/"}}]}},"_links":{"self":[{"href":"https:\/\/www.esolutions.free2move.com\/eu\/de_de\/wp-json\/wp\/v2\/pages\/22470","targetHints":{"allow":["GET"]}}],"collection":[{"href":"https:\/\/www.esolutions.free2move.com\/eu\/de_de\/wp-json\/wp\/v2\/pages"}],"about":[{"href":"https:\/\/www.esolutions.free2move.com\/eu\/de_de\/wp-json\/wp\/v2\/types\/page"}],"author":[{"embeddable":true,"href":"https:\/\/www.esolutions.free2move.com\/eu\/de_de\/wp-json\/wp\/v2\/users\/1"}],"replies":[{"embeddable":true,"href":"https:\/\/www.esolutions.free2move.com\/eu\/de_de\/wp-json\/wp\/v2\/comments?post=22470"}],"version-history":[{"count":0,"href":"https:\/\/www.esolutions.free2move.com\/eu\/de_de\/wp-json\/wp\/v2\/pages\/22470\/revisions"}],"up":[{"embeddable":true,"href":"https:\/\/www.esolutions.free2move.com\/eu\/de_de\/wp-json\/wp\/v2\/pages\/22474"}],"wp:attachment":[{"href":"https:\/\/www.esolutions.free2move.com\/eu\/de_de\/wp-json\/wp\/v2\/media?parent=22470"}],"curies":[{"name":"wp","href":"https:\/\/api.w.org\/{rel}","templated":true}]}}