{"id":62325,"date":"2025-04-08T10:47:14","date_gmt":"2025-04-08T10:47:14","guid":{"rendered":"https:\/\/www.esolutions.free2move.com\/eu\/governance-und-ethik\/philippe-de-rovira\/"},"modified":"2025-04-09T13:36:45","modified_gmt":"2025-04-09T13:36:45","slug":"philippe-de-rovira","status":"publish","type":"page","link":"https:\/\/www.esolutions.free2move.com\/eu\/de_ch\/governance-und-ethik\/philippe-de-rovira\/","title":{"rendered":"Philippe de Rovira"},"content":{"rendered":"<div id=\"cs-content\" class=\"cs-content\"><\/div>\n","protected":false},"excerpt":{"rendered":"<p>HomePhilippe de Rovira Direktor &nbsp; Philippe de Rovira ist Chief Affiliates Officer und CEO von Free2move. Au\u00dferdem ist er Mitglied des Interim Executive Committee, das f\u00fcr die Leitung und Aufsicht von Stellantis zust\u00e4ndig ist. Er kam 1998 zur Groupe PSA und bekleidete dort verschiedene Positionen im Konzern- und Produktionsfinanzbereich, bevor er als Finanzcontroller in den Werken Madrid und Poissy t\u00e4tig &#8230; <\/p>\n<div><a href=\"https:\/\/www.esolutions.free2move.com\/eu\/de_ch\/governance-und-ethik\/philippe-de-rovira\/\" class=\"more-link\">Read More<\/a><\/div>\n","protected":false},"author":3,"featured_media":0,"parent":22473,"menu_order":0,"comment_status":"closed","ping_status":"closed","template":"template-blank-4.php","meta":{"_acf_changed":false,"inline_featured_image":false,"footnotes":""},"class_list":["post-62325","page","type-page","status-publish","hentry","no-post-thumbnail"],"acf":[],"yoast_head":"<!-- This site is optimized with the Yoast SEO plugin v26.7 - https:\/\/yoast.com\/wordpress\/plugins\/seo\/ -->\n<title>Philippe de Rovira - eSolution europe<\/title>\n<meta name=\"robots\" content=\"index, follow, max-snippet:-1, max-image-preview:large, max-video-preview:-1\" \/>\n<link rel=\"canonical\" href=\"https:\/\/www.esolutions.free2move.com\/eu\/de_ch\/governance-und-ethik\/philippe-de-rovira\/\" \/>\n<meta property=\"og:locale\" content=\"de_DE\" \/>\n<meta property=\"og:type\" content=\"article\" \/>\n<meta property=\"og:title\" content=\"Philippe de Rovira - eSolution europe\" \/>\n<meta property=\"og:description\" content=\"HomePhilippe de Rovira Direktor &nbsp; Philippe de Rovira ist Chief Affiliates Officer und CEO von Free2move. Au\u00dferdem ist er Mitglied des Interim Executive Committee, das f\u00fcr die Leitung und Aufsicht von Stellantis zust\u00e4ndig ist. Er kam 1998 zur Groupe PSA und bekleidete dort verschiedene Positionen im Konzern- und Produktionsfinanzbereich, bevor er als Finanzcontroller in den Werken Madrid und Poissy t\u00e4tig ... Read More\" \/>\n<meta property=\"og:url\" content=\"https:\/\/www.esolutions.free2move.com\/eu\/de_ch\/governance-und-ethik\/philippe-de-rovira\/\" \/>\n<meta property=\"og:site_name\" content=\"eSolution europe\" \/>\n<meta property=\"article:modified_time\" content=\"2025-04-09T13:36:45+00:00\" \/>\n<meta name=\"twitter:card\" content=\"summary_large_image\" \/>\n<meta name=\"twitter:label1\" content=\"Est. reading time\" \/>\n\t<meta name=\"twitter:data1\" content=\"1 minute\" \/>\n<script type=\"application\/ld+json\" class=\"yoast-schema-graph\">{\"@context\":\"https:\/\/schema.org\",\"@graph\":[{\"@type\":\"WebPage\",\"@id\":\"https:\/\/www.esolutions.free2move.com\/eu\/de_ch\/governance-und-ethik\/philippe-de-rovira\/\",\"url\":\"https:\/\/www.esolutions.free2move.com\/eu\/de_ch\/governance-und-ethik\/philippe-de-rovira\/\",\"name\":\"Philippe de Rovira - eSolution europe\",\"isPartOf\":{\"@id\":\"https:\/\/www.esolutions.free2move.com\/eu\/en_def\/#website\"},\"datePublished\":\"2025-04-08T10:47:14+00:00\",\"dateModified\":\"2025-04-09T13:36:45+00:00\",\"breadcrumb\":{\"@id\":\"https:\/\/www.esolutions.free2move.com\/eu\/de_ch\/governance-und-ethik\/philippe-de-rovira\/#breadcrumb\"},\"inLanguage\":\"de-ch\",\"potentialAction\":[{\"@type\":\"ReadAction\",\"target\":[\"https:\/\/www.esolutions.free2move.com\/eu\/de_ch\/governance-und-ethik\/philippe-de-rovira\/\"]}]},{\"@type\":\"BreadcrumbList\",\"@id\":\"https:\/\/www.esolutions.free2move.com\/eu\/de_ch\/governance-und-ethik\/philippe-de-rovira\/#breadcrumb\",\"itemListElement\":[{\"@type\":\"ListItem\",\"position\":1,\"name\":\"Home\",\"item\":\"https:\/\/www.esolutions.free2move.com\/eu\/de_ch\/\"},{\"@type\":\"ListItem\",\"position\":2,\"name\":\"Governance und Ethik\",\"item\":\"https:\/\/www.esolutions.free2move.com\/eu\/de_ch\/governance-und-ethik\/\"},{\"@type\":\"ListItem\",\"position\":3,\"name\":\"Philippe de Rovira\"}]},{\"@type\":\"WebSite\",\"@id\":\"https:\/\/www.esolutions.free2move.com\/eu\/en_def\/#website\",\"url\":\"https:\/\/www.esolutions.free2move.com\/eu\/en_def\/\",\"name\":\"eSolutions europe\",\"description\":\"\",\"publisher\":{\"@id\":\"https:\/\/www.esolutions.free2move.com\/eu\/en_def\/#organization\"},\"potentialAction\":[{\"@type\":\"SearchAction\",\"target\":{\"@type\":\"EntryPoint\",\"urlTemplate\":\"https:\/\/www.esolutions.free2move.com\/eu\/en_def\/?s={search_term_string}\"},\"query-input\":{\"@type\":\"PropertyValueSpecification\",\"valueRequired\":true,\"valueName\":\"search_term_string\"}}],\"inLanguage\":\"de-ch\"},{\"@type\":\"Organization\",\"@id\":\"https:\/\/www.esolutions.free2move.com\/eu\/en_def\/#organization\",\"name\":\"eSolutions europe\",\"url\":\"https:\/\/www.esolutions.free2move.com\/eu\/en_def\/\",\"logo\":{\"@type\":\"ImageObject\",\"inLanguage\":\"de-ch\",\"@id\":\"https:\/\/www.esolutions.free2move.com\/eu\/en_def\/#\/schema\/logo\/image\/\",\"url\":\"https:\/\/www.esolutions.free2move.com\/eu\/wp-content\/uploads\/2024\/03\/logo-f2m-horizontal-1-1-1.png\",\"contentUrl\":\"https:\/\/www.esolutions.free2move.com\/eu\/wp-content\/uploads\/2024\/03\/logo-f2m-horizontal-1-1-1.png\",\"width\":865,\"height\":218,\"caption\":\"eSolutions europe\"},\"image\":{\"@id\":\"https:\/\/www.esolutions.free2move.com\/eu\/en_def\/#\/schema\/logo\/image\/\"}}]}<\/script>\n<!-- \/ Yoast SEO plugin. -->","yoast_head_json":{"title":"Philippe de Rovira - eSolution europe","robots":{"index":"index","follow":"follow","max-snippet":"max-snippet:-1","max-image-preview":"max-image-preview:large","max-video-preview":"max-video-preview:-1"},"canonical":"https:\/\/www.esolutions.free2move.com\/eu\/de_ch\/governance-und-ethik\/philippe-de-rovira\/","og_locale":"de_DE","og_type":"article","og_title":"Philippe de Rovira - eSolution europe","og_description":"HomePhilippe de Rovira Direktor &nbsp; Philippe de Rovira ist Chief Affiliates Officer und CEO von Free2move. Au\u00dferdem ist er Mitglied des Interim Executive Committee, das f\u00fcr die Leitung und Aufsicht von Stellantis zust\u00e4ndig ist. Er kam 1998 zur Groupe PSA und bekleidete dort verschiedene Positionen im Konzern- und Produktionsfinanzbereich, bevor er als Finanzcontroller in den Werken Madrid und Poissy t\u00e4tig ... Read More","og_url":"https:\/\/www.esolutions.free2move.com\/eu\/de_ch\/governance-und-ethik\/philippe-de-rovira\/","og_site_name":"eSolution europe","article_modified_time":"2025-04-09T13:36:45+00:00","twitter_card":"summary_large_image","twitter_misc":{"Est. reading time":"1 minute"},"schema":{"@context":"https:\/\/schema.org","@graph":[{"@type":"WebPage","@id":"https:\/\/www.esolutions.free2move.com\/eu\/de_ch\/governance-und-ethik\/philippe-de-rovira\/","url":"https:\/\/www.esolutions.free2move.com\/eu\/de_ch\/governance-und-ethik\/philippe-de-rovira\/","name":"Philippe de Rovira - eSolution europe","isPartOf":{"@id":"https:\/\/www.esolutions.free2move.com\/eu\/en_def\/#website"},"datePublished":"2025-04-08T10:47:14+00:00","dateModified":"2025-04-09T13:36:45+00:00","breadcrumb":{"@id":"https:\/\/www.esolutions.free2move.com\/eu\/de_ch\/governance-und-ethik\/philippe-de-rovira\/#breadcrumb"},"inLanguage":"de-ch","potentialAction":[{"@type":"ReadAction","target":["https:\/\/www.esolutions.free2move.com\/eu\/de_ch\/governance-und-ethik\/philippe-de-rovira\/"]}]},{"@type":"BreadcrumbList","@id":"https:\/\/www.esolutions.free2move.com\/eu\/de_ch\/governance-und-ethik\/philippe-de-rovira\/#breadcrumb","itemListElement":[{"@type":"ListItem","position":1,"name":"Home","item":"https:\/\/www.esolutions.free2move.com\/eu\/de_ch\/"},{"@type":"ListItem","position":2,"name":"Governance und Ethik","item":"https:\/\/www.esolutions.free2move.com\/eu\/de_ch\/governance-und-ethik\/"},{"@type":"ListItem","position":3,"name":"Philippe de Rovira"}]},{"@type":"WebSite","@id":"https:\/\/www.esolutions.free2move.com\/eu\/en_def\/#website","url":"https:\/\/www.esolutions.free2move.com\/eu\/en_def\/","name":"eSolutions europe","description":"","publisher":{"@id":"https:\/\/www.esolutions.free2move.com\/eu\/en_def\/#organization"},"potentialAction":[{"@type":"SearchAction","target":{"@type":"EntryPoint","urlTemplate":"https:\/\/www.esolutions.free2move.com\/eu\/en_def\/?s={search_term_string}"},"query-input":{"@type":"PropertyValueSpecification","valueRequired":true,"valueName":"search_term_string"}}],"inLanguage":"de-ch"},{"@type":"Organization","@id":"https:\/\/www.esolutions.free2move.com\/eu\/en_def\/#organization","name":"eSolutions europe","url":"https:\/\/www.esolutions.free2move.com\/eu\/en_def\/","logo":{"@type":"ImageObject","inLanguage":"de-ch","@id":"https:\/\/www.esolutions.free2move.com\/eu\/en_def\/#\/schema\/logo\/image\/","url":"https:\/\/www.esolutions.free2move.com\/eu\/wp-content\/uploads\/2024\/03\/logo-f2m-horizontal-1-1-1.png","contentUrl":"https:\/\/www.esolutions.free2move.com\/eu\/wp-content\/uploads\/2024\/03\/logo-f2m-horizontal-1-1-1.png","width":865,"height":218,"caption":"eSolutions europe"},"image":{"@id":"https:\/\/www.esolutions.free2move.com\/eu\/en_def\/#\/schema\/logo\/image\/"}}]}},"_links":{"self":[{"href":"https:\/\/www.esolutions.free2move.com\/eu\/de_ch\/wp-json\/wp\/v2\/pages\/62325","targetHints":{"allow":["GET"]}}],"collection":[{"href":"https:\/\/www.esolutions.free2move.com\/eu\/de_ch\/wp-json\/wp\/v2\/pages"}],"about":[{"href":"https:\/\/www.esolutions.free2move.com\/eu\/de_ch\/wp-json\/wp\/v2\/types\/page"}],"author":[{"embeddable":true,"href":"https:\/\/www.esolutions.free2move.com\/eu\/de_ch\/wp-json\/wp\/v2\/users\/3"}],"replies":[{"embeddable":true,"href":"https:\/\/www.esolutions.free2move.com\/eu\/de_ch\/wp-json\/wp\/v2\/comments?post=62325"}],"version-history":[{"count":0,"href":"https:\/\/www.esolutions.free2move.com\/eu\/de_ch\/wp-json\/wp\/v2\/pages\/62325\/revisions"}],"up":[{"embeddable":true,"href":"https:\/\/www.esolutions.free2move.com\/eu\/de_ch\/wp-json\/wp\/v2\/pages\/22473"}],"wp:attachment":[{"href":"https:\/\/www.esolutions.free2move.com\/eu\/de_ch\/wp-json\/wp\/v2\/media?parent=62325"}],"curies":[{"name":"wp","href":"https:\/\/api.w.org\/{rel}","templated":true}]}}