{"id":22473,"date":"2024-03-18T13:33:25","date_gmt":"2024-03-18T13:33:25","guid":{"rendered":"https:\/\/test.esolutions.free2move.com\/eu\/governance-und-ethik\/"},"modified":"2026-03-16T15:20:11","modified_gmt":"2026-03-16T15:20:11","slug":"governance-und-ethik","status":"publish","type":"page","link":"https:\/\/www.esolutions.free2move.com\/eu\/de_ch\/governance-und-ethik\/","title":{"rendered":"Governance und Ethik"},"content":{"rendered":"<div id=\"cs-content\" class=\"cs-content\"><\/div>\n","protected":false},"excerpt":{"rendered":"<p>Home Governance und EthikEthischer Kodex Unser Ethikkodex basiert auf Integrit\u00e4t als Leitmotiv f\u00fcr alle unsere Entscheidungen, und das hat uns dazu gebracht, die Einhaltung der Vorschriften zu integrieren, anzupassen und zu verbessern, ohne dass die Struktur besonders belastet wird.HerunterladenFree2Move eSolutions S.p.A &#8220;Organisations-, Verwaltungs- und Kontrollmodell gem\u00e4\u00df Gesetzesdekret 231\/2001&#8221; Das Dekret wurde am 8. Juni 2001 in Aus\u00fcbung der \u00fcbertragenen Befugnisse &#8230; <\/p>\n<div><a href=\"https:\/\/www.esolutions.free2move.com\/eu\/de_ch\/governance-und-ethik\/\" class=\"more-link\">Read More<\/a><\/div>\n","protected":false},"author":1,"featured_media":0,"parent":0,"menu_order":0,"comment_status":"closed","ping_status":"closed","template":"template-blank-4.php","meta":{"_acf_changed":false,"inline_featured_image":false,"footnotes":""},"class_list":["post-22473","page","type-page","status-publish","hentry","no-post-thumbnail"],"acf":[],"yoast_head":"<!-- This site is optimized with the Yoast SEO plugin v26.7 - https:\/\/yoast.com\/wordpress\/plugins\/seo\/ -->\n<title>Governance und Ethik | Free2move eSolutions<\/title>\n<meta name=\"description\" content=\"Entdecken Sie unseren engagierten Vorstand, der die Strategie \u00fcberwacht und hohe ethische Standards einh\u00e4lt, geleitet von Integrit\u00e4t bei allen Entscheidungen.\" \/>\n<meta name=\"robots\" content=\"index, follow, max-snippet:-1, max-image-preview:large, max-video-preview:-1\" \/>\n<link rel=\"canonical\" href=\"https:\/\/www.esolutions.free2move.com\/eu\/de_ch\/governance-und-ethik\/\" \/>\n<meta property=\"og:locale\" content=\"de_DE\" \/>\n<meta property=\"og:type\" content=\"article\" \/>\n<meta property=\"og:title\" content=\"Governance und Ethik | Free2move eSolutions\" \/>\n<meta property=\"og:description\" content=\"Entdecken Sie unseren engagierten Vorstand, der die Strategie \u00fcberwacht und hohe ethische Standards einh\u00e4lt, geleitet von Integrit\u00e4t bei allen Entscheidungen.\" \/>\n<meta property=\"og:url\" content=\"https:\/\/www.esolutions.free2move.com\/eu\/de_ch\/governance-und-ethik\/\" \/>\n<meta property=\"og:site_name\" content=\"eSolution europe\" \/>\n<meta property=\"article:modified_time\" content=\"2026-03-16T15:20:11+00:00\" \/>\n<meta name=\"twitter:card\" content=\"summary_large_image\" \/>\n<meta name=\"twitter:label1\" content=\"Est. reading time\" \/>\n\t<meta name=\"twitter:data1\" content=\"6 minutes\" \/>\n<script type=\"application\/ld+json\" class=\"yoast-schema-graph\">{\"@context\":\"https:\/\/schema.org\",\"@graph\":[{\"@type\":\"WebPage\",\"@id\":\"https:\/\/www.esolutions.free2move.com\/eu\/de_ch\/governance-und-ethik\/\",\"url\":\"https:\/\/www.esolutions.free2move.com\/eu\/de_ch\/governance-und-ethik\/\",\"name\":\"Governance und Ethik | Free2move eSolutions\",\"isPartOf\":{\"@id\":\"https:\/\/www.esolutions.free2move.com\/eu\/en_def\/#website\"},\"datePublished\":\"2024-03-18T13:33:25+00:00\",\"dateModified\":\"2026-03-16T15:20:11+00:00\",\"description\":\"Entdecken Sie unseren engagierten Vorstand, der die Strategie \u00fcberwacht und hohe ethische Standards einh\u00e4lt, geleitet von Integrit\u00e4t bei allen Entscheidungen.\",\"breadcrumb\":{\"@id\":\"https:\/\/www.esolutions.free2move.com\/eu\/de_ch\/governance-und-ethik\/#breadcrumb\"},\"inLanguage\":\"de-ch\",\"potentialAction\":[{\"@type\":\"ReadAction\",\"target\":[\"https:\/\/www.esolutions.free2move.com\/eu\/de_ch\/governance-und-ethik\/\"]}]},{\"@type\":\"BreadcrumbList\",\"@id\":\"https:\/\/www.esolutions.free2move.com\/eu\/de_ch\/governance-und-ethik\/#breadcrumb\",\"itemListElement\":[{\"@type\":\"ListItem\",\"position\":1,\"name\":\"Home\",\"item\":\"https:\/\/www.esolutions.free2move.com\/eu\/de_ch\/\"},{\"@type\":\"ListItem\",\"position\":2,\"name\":\"Governance und Ethik\"}]},{\"@type\":\"WebSite\",\"@id\":\"https:\/\/www.esolutions.free2move.com\/eu\/en_def\/#website\",\"url\":\"https:\/\/www.esolutions.free2move.com\/eu\/en_def\/\",\"name\":\"eSolutions europe\",\"description\":\"\",\"publisher\":{\"@id\":\"https:\/\/www.esolutions.free2move.com\/eu\/en_def\/#organization\"},\"potentialAction\":[{\"@type\":\"SearchAction\",\"target\":{\"@type\":\"EntryPoint\",\"urlTemplate\":\"https:\/\/www.esolutions.free2move.com\/eu\/en_def\/?s={search_term_string}\"},\"query-input\":{\"@type\":\"PropertyValueSpecification\",\"valueRequired\":true,\"valueName\":\"search_term_string\"}}],\"inLanguage\":\"de-ch\"},{\"@type\":\"Organization\",\"@id\":\"https:\/\/www.esolutions.free2move.com\/eu\/en_def\/#organization\",\"name\":\"eSolutions europe\",\"url\":\"https:\/\/www.esolutions.free2move.com\/eu\/en_def\/\",\"logo\":{\"@type\":\"ImageObject\",\"inLanguage\":\"de-ch\",\"@id\":\"https:\/\/www.esolutions.free2move.com\/eu\/en_def\/#\/schema\/logo\/image\/\",\"url\":\"https:\/\/www.esolutions.free2move.com\/eu\/wp-content\/uploads\/2024\/03\/logo-f2m-horizontal-1-1-1.png\",\"contentUrl\":\"https:\/\/www.esolutions.free2move.com\/eu\/wp-content\/uploads\/2024\/03\/logo-f2m-horizontal-1-1-1.png\",\"width\":865,\"height\":218,\"caption\":\"eSolutions europe\"},\"image\":{\"@id\":\"https:\/\/www.esolutions.free2move.com\/eu\/en_def\/#\/schema\/logo\/image\/\"}}]}<\/script>\n<!-- \/ Yoast SEO plugin. -->","yoast_head_json":{"title":"Governance und Ethik | Free2move eSolutions","description":"Entdecken Sie unseren engagierten Vorstand, der die Strategie \u00fcberwacht und hohe ethische Standards einh\u00e4lt, geleitet von Integrit\u00e4t bei allen Entscheidungen.","robots":{"index":"index","follow":"follow","max-snippet":"max-snippet:-1","max-image-preview":"max-image-preview:large","max-video-preview":"max-video-preview:-1"},"canonical":"https:\/\/www.esolutions.free2move.com\/eu\/de_ch\/governance-und-ethik\/","og_locale":"de_DE","og_type":"article","og_title":"Governance und Ethik | Free2move eSolutions","og_description":"Entdecken Sie unseren engagierten Vorstand, der die Strategie \u00fcberwacht und hohe ethische Standards einh\u00e4lt, geleitet von Integrit\u00e4t bei allen Entscheidungen.","og_url":"https:\/\/www.esolutions.free2move.com\/eu\/de_ch\/governance-und-ethik\/","og_site_name":"eSolution europe","article_modified_time":"2026-03-16T15:20:11+00:00","twitter_card":"summary_large_image","twitter_misc":{"Est. reading time":"6 minutes"},"schema":{"@context":"https:\/\/schema.org","@graph":[{"@type":"WebPage","@id":"https:\/\/www.esolutions.free2move.com\/eu\/de_ch\/governance-und-ethik\/","url":"https:\/\/www.esolutions.free2move.com\/eu\/de_ch\/governance-und-ethik\/","name":"Governance und Ethik | Free2move eSolutions","isPartOf":{"@id":"https:\/\/www.esolutions.free2move.com\/eu\/en_def\/#website"},"datePublished":"2024-03-18T13:33:25+00:00","dateModified":"2026-03-16T15:20:11+00:00","description":"Entdecken Sie unseren engagierten Vorstand, der die Strategie \u00fcberwacht und hohe ethische Standards einh\u00e4lt, geleitet von Integrit\u00e4t bei allen Entscheidungen.","breadcrumb":{"@id":"https:\/\/www.esolutions.free2move.com\/eu\/de_ch\/governance-und-ethik\/#breadcrumb"},"inLanguage":"de-ch","potentialAction":[{"@type":"ReadAction","target":["https:\/\/www.esolutions.free2move.com\/eu\/de_ch\/governance-und-ethik\/"]}]},{"@type":"BreadcrumbList","@id":"https:\/\/www.esolutions.free2move.com\/eu\/de_ch\/governance-und-ethik\/#breadcrumb","itemListElement":[{"@type":"ListItem","position":1,"name":"Home","item":"https:\/\/www.esolutions.free2move.com\/eu\/de_ch\/"},{"@type":"ListItem","position":2,"name":"Governance und Ethik"}]},{"@type":"WebSite","@id":"https:\/\/www.esolutions.free2move.com\/eu\/en_def\/#website","url":"https:\/\/www.esolutions.free2move.com\/eu\/en_def\/","name":"eSolutions europe","description":"","publisher":{"@id":"https:\/\/www.esolutions.free2move.com\/eu\/en_def\/#organization"},"potentialAction":[{"@type":"SearchAction","target":{"@type":"EntryPoint","urlTemplate":"https:\/\/www.esolutions.free2move.com\/eu\/en_def\/?s={search_term_string}"},"query-input":{"@type":"PropertyValueSpecification","valueRequired":true,"valueName":"search_term_string"}}],"inLanguage":"de-ch"},{"@type":"Organization","@id":"https:\/\/www.esolutions.free2move.com\/eu\/en_def\/#organization","name":"eSolutions europe","url":"https:\/\/www.esolutions.free2move.com\/eu\/en_def\/","logo":{"@type":"ImageObject","inLanguage":"de-ch","@id":"https:\/\/www.esolutions.free2move.com\/eu\/en_def\/#\/schema\/logo\/image\/","url":"https:\/\/www.esolutions.free2move.com\/eu\/wp-content\/uploads\/2024\/03\/logo-f2m-horizontal-1-1-1.png","contentUrl":"https:\/\/www.esolutions.free2move.com\/eu\/wp-content\/uploads\/2024\/03\/logo-f2m-horizontal-1-1-1.png","width":865,"height":218,"caption":"eSolutions europe"},"image":{"@id":"https:\/\/www.esolutions.free2move.com\/eu\/en_def\/#\/schema\/logo\/image\/"}}]}},"_links":{"self":[{"href":"https:\/\/www.esolutions.free2move.com\/eu\/de_ch\/wp-json\/wp\/v2\/pages\/22473","targetHints":{"allow":["GET"]}}],"collection":[{"href":"https:\/\/www.esolutions.free2move.com\/eu\/de_ch\/wp-json\/wp\/v2\/pages"}],"about":[{"href":"https:\/\/www.esolutions.free2move.com\/eu\/de_ch\/wp-json\/wp\/v2\/types\/page"}],"author":[{"embeddable":true,"href":"https:\/\/www.esolutions.free2move.com\/eu\/de_ch\/wp-json\/wp\/v2\/users\/1"}],"replies":[{"embeddable":true,"href":"https:\/\/www.esolutions.free2move.com\/eu\/de_ch\/wp-json\/wp\/v2\/comments?post=22473"}],"version-history":[{"count":3,"href":"https:\/\/www.esolutions.free2move.com\/eu\/de_ch\/wp-json\/wp\/v2\/pages\/22473\/revisions"}],"predecessor-version":[{"id":64507,"href":"https:\/\/www.esolutions.free2move.com\/eu\/de_ch\/wp-json\/wp\/v2\/pages\/22473\/revisions\/64507"}],"wp:attachment":[{"href":"https:\/\/www.esolutions.free2move.com\/eu\/de_ch\/wp-json\/wp\/v2\/media?parent=22473"}],"curies":[{"name":"wp","href":"https:\/\/api.w.org\/{rel}","templated":true}]}}