{"id":22465,"date":"2024-03-18T16:11:37","date_gmt":"2024-03-18T16:11:37","guid":{"rendered":"https:\/\/test.esolutions.free2move.com\/eu\/elektroauto-ladestation-fur-unternehmenn\/"},"modified":"2024-06-04T13:19:48","modified_gmt":"2024-06-04T13:19:48","slug":"elektroauto-ladestation-fur-unternehmenn","status":"publish","type":"page","link":"https:\/\/www.esolutions.free2move.com\/eu\/de_ch\/elektroauto-ladestation-fur-unternehmenn\/","title":{"rendered":"Laden am Arbeitsplatz"},"content":{"rendered":"<div id=\"cs-content\" class=\"cs-content\"><\/div>\n","protected":false},"excerpt":{"rendered":"<p>Home Laden am ArbeitsplatzSt\u00e4rken Sie Ihr Unternehmen mit nahtlosen EV-Ladel\u00f6sungen.Wir entwickeln, installieren und verwalten moderne Ladel\u00f6sungen f\u00fcr Unternehmen, damit Sie Ihren Mitarbeitern, Kunden oder Flottenfahrzeugen hochfunktionale Ladem\u00f6glichkeiten anbieten k\u00f6nnen.Erkunden Sie unsere Produktpalette, um die perfekte L\u00f6sung f\u00fcr Ihre Anforderungen zu finden.Ladel\u00f6sungenZubeh\u00f6reMobilit\u00e4tCPMSEinrichtungF\u00dcR IHR UNTERNEHMENL\u00f6sungen zum Aufladen Entdecken Sie unsere Produkte und finden Sie die perfekte L\u00f6sung f\u00fcr Ihre Bed\u00fcrfnisse.eProWallboxGESCH\u00c4FTSGEB\u00dcHRVerbessern Sie das &#8230; <\/p>\n<div><a href=\"https:\/\/www.esolutions.free2move.com\/eu\/de_ch\/elektroauto-ladestation-fur-unternehmenn\/\" class=\"more-link\">Read More<\/a><\/div>\n","protected":false},"author":1,"featured_media":0,"parent":0,"menu_order":0,"comment_status":"closed","ping_status":"closed","template":"template-blank-4.php","meta":{"_acf_changed":false,"inline_featured_image":false,"footnotes":""},"class_list":["post-22465","page","type-page","status-publish","hentry","no-post-thumbnail"],"acf":[],"yoast_head":"<!-- This site is optimized with the Yoast SEO plugin v26.7 - https:\/\/yoast.com\/wordpress\/plugins\/seo\/ -->\n<title>Laden am Arbeitsplatz | Free2move eSolutions<\/title>\n<meta name=\"description\" content=\"Entdecken Sie unser Angebot an kommerziellen EV-Ladel\u00f6sungen f\u00fcr Unternehmen. M\u00fchelose Installation, intelligente Funktionen und zuverl\u00e4ssige Leistung. Starten Sie noch heute!\" \/>\n<meta name=\"robots\" content=\"index, follow, max-snippet:-1, max-image-preview:large, max-video-preview:-1\" \/>\n<link rel=\"canonical\" href=\"https:\/\/www.esolutions.free2move.com\/eu\/de_ch\/elektroauto-ladestation-fur-unternehmenn\/\" \/>\n<meta property=\"og:locale\" content=\"de_DE\" \/>\n<meta property=\"og:type\" content=\"article\" \/>\n<meta property=\"og:title\" content=\"Laden am Arbeitsplatz | Free2move eSolutions\" \/>\n<meta property=\"og:description\" content=\"Entdecken Sie unser Angebot an kommerziellen EV-Ladel\u00f6sungen f\u00fcr Unternehmen. M\u00fchelose Installation, intelligente Funktionen und zuverl\u00e4ssige Leistung. Starten Sie noch heute!\" \/>\n<meta property=\"og:url\" content=\"https:\/\/www.esolutions.free2move.com\/eu\/de_ch\/elektroauto-ladestation-fur-unternehmenn\/\" \/>\n<meta property=\"og:site_name\" content=\"eSolution europe\" \/>\n<meta property=\"article:modified_time\" content=\"2024-06-04T13:19:48+00:00\" \/>\n<meta name=\"twitter:card\" content=\"summary_large_image\" \/>\n<meta name=\"twitter:label1\" content=\"Est. reading time\" \/>\n\t<meta name=\"twitter:data1\" content=\"17 minutes\" \/>\n<script type=\"application\/ld+json\" class=\"yoast-schema-graph\">{\"@context\":\"https:\/\/schema.org\",\"@graph\":[{\"@type\":\"WebPage\",\"@id\":\"https:\/\/www.esolutions.free2move.com\/eu\/de_ch\/elektroauto-ladestation-fur-unternehmenn\/\",\"url\":\"https:\/\/www.esolutions.free2move.com\/eu\/de_ch\/elektroauto-ladestation-fur-unternehmenn\/\",\"name\":\"Laden am Arbeitsplatz | Free2move eSolutions\",\"isPartOf\":{\"@id\":\"https:\/\/www.esolutions.free2move.com\/eu\/en_def\/#website\"},\"datePublished\":\"2024-03-18T16:11:37+00:00\",\"dateModified\":\"2024-06-04T13:19:48+00:00\",\"description\":\"Entdecken Sie unser Angebot an kommerziellen EV-Ladel\u00f6sungen f\u00fcr Unternehmen. M\u00fchelose Installation, intelligente Funktionen und zuverl\u00e4ssige Leistung. Starten Sie noch heute!\",\"breadcrumb\":{\"@id\":\"https:\/\/www.esolutions.free2move.com\/eu\/de_ch\/elektroauto-ladestation-fur-unternehmenn\/#breadcrumb\"},\"inLanguage\":\"de-ch\",\"potentialAction\":[{\"@type\":\"ReadAction\",\"target\":[\"https:\/\/www.esolutions.free2move.com\/eu\/de_ch\/elektroauto-ladestation-fur-unternehmenn\/\"]}]},{\"@type\":\"BreadcrumbList\",\"@id\":\"https:\/\/www.esolutions.free2move.com\/eu\/de_ch\/elektroauto-ladestation-fur-unternehmenn\/#breadcrumb\",\"itemListElement\":[{\"@type\":\"ListItem\",\"position\":1,\"name\":\"Home\",\"item\":\"https:\/\/www.esolutions.free2move.com\/eu\/de_ch\/\"},{\"@type\":\"ListItem\",\"position\":2,\"name\":\"Laden am Arbeitsplatz\"}]},{\"@type\":\"WebSite\",\"@id\":\"https:\/\/www.esolutions.free2move.com\/eu\/en_def\/#website\",\"url\":\"https:\/\/www.esolutions.free2move.com\/eu\/en_def\/\",\"name\":\"eSolutions europe\",\"description\":\"\",\"publisher\":{\"@id\":\"https:\/\/www.esolutions.free2move.com\/eu\/en_def\/#organization\"},\"potentialAction\":[{\"@type\":\"SearchAction\",\"target\":{\"@type\":\"EntryPoint\",\"urlTemplate\":\"https:\/\/www.esolutions.free2move.com\/eu\/en_def\/?s={search_term_string}\"},\"query-input\":{\"@type\":\"PropertyValueSpecification\",\"valueRequired\":true,\"valueName\":\"search_term_string\"}}],\"inLanguage\":\"de-ch\"},{\"@type\":\"Organization\",\"@id\":\"https:\/\/www.esolutions.free2move.com\/eu\/en_def\/#organization\",\"name\":\"eSolutions europe\",\"url\":\"https:\/\/www.esolutions.free2move.com\/eu\/en_def\/\",\"logo\":{\"@type\":\"ImageObject\",\"inLanguage\":\"de-ch\",\"@id\":\"https:\/\/www.esolutions.free2move.com\/eu\/en_def\/#\/schema\/logo\/image\/\",\"url\":\"https:\/\/www.esolutions.free2move.com\/eu\/wp-content\/uploads\/2024\/03\/logo-f2m-horizontal-1-1-1.png\",\"contentUrl\":\"https:\/\/www.esolutions.free2move.com\/eu\/wp-content\/uploads\/2024\/03\/logo-f2m-horizontal-1-1-1.png\",\"width\":865,\"height\":218,\"caption\":\"eSolutions europe\"},\"image\":{\"@id\":\"https:\/\/www.esolutions.free2move.com\/eu\/en_def\/#\/schema\/logo\/image\/\"}}]}<\/script>\n<!-- \/ Yoast SEO plugin. -->","yoast_head_json":{"title":"Laden am Arbeitsplatz | Free2move eSolutions","description":"Entdecken Sie unser Angebot an kommerziellen EV-Ladel\u00f6sungen f\u00fcr Unternehmen. M\u00fchelose Installation, intelligente Funktionen und zuverl\u00e4ssige Leistung. Starten Sie noch heute!","robots":{"index":"index","follow":"follow","max-snippet":"max-snippet:-1","max-image-preview":"max-image-preview:large","max-video-preview":"max-video-preview:-1"},"canonical":"https:\/\/www.esolutions.free2move.com\/eu\/de_ch\/elektroauto-ladestation-fur-unternehmenn\/","og_locale":"de_DE","og_type":"article","og_title":"Laden am Arbeitsplatz | Free2move eSolutions","og_description":"Entdecken Sie unser Angebot an kommerziellen EV-Ladel\u00f6sungen f\u00fcr Unternehmen. M\u00fchelose Installation, intelligente Funktionen und zuverl\u00e4ssige Leistung. Starten Sie noch heute!","og_url":"https:\/\/www.esolutions.free2move.com\/eu\/de_ch\/elektroauto-ladestation-fur-unternehmenn\/","og_site_name":"eSolution europe","article_modified_time":"2024-06-04T13:19:48+00:00","twitter_card":"summary_large_image","twitter_misc":{"Est. reading time":"17 minutes"},"schema":{"@context":"https:\/\/schema.org","@graph":[{"@type":"WebPage","@id":"https:\/\/www.esolutions.free2move.com\/eu\/de_ch\/elektroauto-ladestation-fur-unternehmenn\/","url":"https:\/\/www.esolutions.free2move.com\/eu\/de_ch\/elektroauto-ladestation-fur-unternehmenn\/","name":"Laden am Arbeitsplatz | Free2move eSolutions","isPartOf":{"@id":"https:\/\/www.esolutions.free2move.com\/eu\/en_def\/#website"},"datePublished":"2024-03-18T16:11:37+00:00","dateModified":"2024-06-04T13:19:48+00:00","description":"Entdecken Sie unser Angebot an kommerziellen EV-Ladel\u00f6sungen f\u00fcr Unternehmen. M\u00fchelose Installation, intelligente Funktionen und zuverl\u00e4ssige Leistung. Starten Sie noch heute!","breadcrumb":{"@id":"https:\/\/www.esolutions.free2move.com\/eu\/de_ch\/elektroauto-ladestation-fur-unternehmenn\/#breadcrumb"},"inLanguage":"de-ch","potentialAction":[{"@type":"ReadAction","target":["https:\/\/www.esolutions.free2move.com\/eu\/de_ch\/elektroauto-ladestation-fur-unternehmenn\/"]}]},{"@type":"BreadcrumbList","@id":"https:\/\/www.esolutions.free2move.com\/eu\/de_ch\/elektroauto-ladestation-fur-unternehmenn\/#breadcrumb","itemListElement":[{"@type":"ListItem","position":1,"name":"Home","item":"https:\/\/www.esolutions.free2move.com\/eu\/de_ch\/"},{"@type":"ListItem","position":2,"name":"Laden am Arbeitsplatz"}]},{"@type":"WebSite","@id":"https:\/\/www.esolutions.free2move.com\/eu\/en_def\/#website","url":"https:\/\/www.esolutions.free2move.com\/eu\/en_def\/","name":"eSolutions europe","description":"","publisher":{"@id":"https:\/\/www.esolutions.free2move.com\/eu\/en_def\/#organization"},"potentialAction":[{"@type":"SearchAction","target":{"@type":"EntryPoint","urlTemplate":"https:\/\/www.esolutions.free2move.com\/eu\/en_def\/?s={search_term_string}"},"query-input":{"@type":"PropertyValueSpecification","valueRequired":true,"valueName":"search_term_string"}}],"inLanguage":"de-ch"},{"@type":"Organization","@id":"https:\/\/www.esolutions.free2move.com\/eu\/en_def\/#organization","name":"eSolutions europe","url":"https:\/\/www.esolutions.free2move.com\/eu\/en_def\/","logo":{"@type":"ImageObject","inLanguage":"de-ch","@id":"https:\/\/www.esolutions.free2move.com\/eu\/en_def\/#\/schema\/logo\/image\/","url":"https:\/\/www.esolutions.free2move.com\/eu\/wp-content\/uploads\/2024\/03\/logo-f2m-horizontal-1-1-1.png","contentUrl":"https:\/\/www.esolutions.free2move.com\/eu\/wp-content\/uploads\/2024\/03\/logo-f2m-horizontal-1-1-1.png","width":865,"height":218,"caption":"eSolutions europe"},"image":{"@id":"https:\/\/www.esolutions.free2move.com\/eu\/en_def\/#\/schema\/logo\/image\/"}}]}},"_links":{"self":[{"href":"https:\/\/www.esolutions.free2move.com\/eu\/de_ch\/wp-json\/wp\/v2\/pages\/22465","targetHints":{"allow":["GET"]}}],"collection":[{"href":"https:\/\/www.esolutions.free2move.com\/eu\/de_ch\/wp-json\/wp\/v2\/pages"}],"about":[{"href":"https:\/\/www.esolutions.free2move.com\/eu\/de_ch\/wp-json\/wp\/v2\/types\/page"}],"author":[{"embeddable":true,"href":"https:\/\/www.esolutions.free2move.com\/eu\/de_ch\/wp-json\/wp\/v2\/users\/1"}],"replies":[{"embeddable":true,"href":"https:\/\/www.esolutions.free2move.com\/eu\/de_ch\/wp-json\/wp\/v2\/comments?post=22465"}],"version-history":[{"count":0,"href":"https:\/\/www.esolutions.free2move.com\/eu\/de_ch\/wp-json\/wp\/v2\/pages\/22465\/revisions"}],"wp:attachment":[{"href":"https:\/\/www.esolutions.free2move.com\/eu\/de_ch\/wp-json\/wp\/v2\/media?parent=22465"}],"curies":[{"name":"wp","href":"https:\/\/api.w.org\/{rel}","templated":true}]}}