{"id":22445,"date":"2024-03-18T17:50:08","date_gmt":"2024-03-18T17:50:08","guid":{"rendered":"https:\/\/test.esolutions.free2move.com\/eu\/laden-von-elektroautos-im-haushalt\/cpms\/"},"modified":"2024-03-18T17:50:08","modified_gmt":"2024-03-18T17:50:08","slug":"cpms","status":"publish","type":"page","link":"https:\/\/www.esolutions.free2move.com\/eu\/de_ch\/laden-von-elektroautos-im-haushalt\/cpms\/","title":{"rendered":"CPMS"},"content":{"rendered":"<div id=\"cs-content\" class=\"cs-content\"><\/div>\n","protected":false},"excerpt":{"rendered":"<p>Home eSolutions Lades\u00e4ulen-Management-SystemTransformieren Sie die Verwaltung Ihrer LadeinfrastruktureSolutions stellt das CPMS (Charging Point Management System) vor, eine innovative L\u00f6sung zur nahtlosen Verwaltung Ihrer angeschlossenen Ladeinfrastruktur von jedem Ort der Welt aus. Dieses fortschrittliche Back-Office-Tool mit seinen kundenorientierten Funktionen bietet unvergleichliche Unterst\u00fctzung, um Ihre Geb\u00fchrenerfahrung zu verbessern. Verabschieden Sie sich von traditionellen Managementmethoden und begr\u00fc\u00dfen Sie die Zukunft der Abrechnung mit &#8230; <\/p>\n<div><a href=\"https:\/\/www.esolutions.free2move.com\/eu\/de_ch\/laden-von-elektroautos-im-haushalt\/cpms\/\" class=\"more-link\">Read More<\/a><\/div>\n","protected":false},"author":1,"featured_media":0,"parent":22429,"menu_order":0,"comment_status":"closed","ping_status":"closed","template":"template-blank-4.php","meta":{"_acf_changed":false,"inline_featured_image":false,"footnotes":""},"class_list":["post-22445","page","type-page","status-publish","hentry","no-post-thumbnail"],"acf":[],"yoast_head":"<!-- This site is optimized with the Yoast SEO plugin v26.7 - https:\/\/yoast.com\/wordpress\/plugins\/seo\/ -->\n<title>CPMS Ressourcen | Free2move eSolutions<\/title>\n<meta name=\"description\" content=\"Greifen Sie auf die Bibliothek zu und finden Sie alle Spezifikationen und Informationen zu CPMS, dem Portal zur \u00dcberwachung Ihrer Ladeger\u00e4te.\" \/>\n<meta name=\"robots\" content=\"index, follow, max-snippet:-1, max-image-preview:large, max-video-preview:-1\" \/>\n<link rel=\"canonical\" href=\"https:\/\/www.esolutions.free2move.com\/eu\/de_ch\/laden-von-elektroautos-im-haushalt\/cpms\/\" \/>\n<meta property=\"og:locale\" content=\"de_DE\" \/>\n<meta property=\"og:type\" content=\"article\" \/>\n<meta property=\"og:title\" content=\"CPMS Ressourcen | Free2move eSolutions\" \/>\n<meta property=\"og:description\" content=\"Greifen Sie auf die Bibliothek zu und finden Sie alle Spezifikationen und Informationen zu CPMS, dem Portal zur \u00dcberwachung Ihrer Ladeger\u00e4te.\" \/>\n<meta property=\"og:url\" content=\"https:\/\/www.esolutions.free2move.com\/eu\/de_ch\/laden-von-elektroautos-im-haushalt\/cpms\/\" \/>\n<meta property=\"og:site_name\" content=\"eSolution europe\" \/>\n<meta name=\"twitter:card\" content=\"summary_large_image\" \/>\n<meta name=\"twitter:label1\" content=\"Est. reading time\" \/>\n\t<meta name=\"twitter:data1\" content=\"9 minutes\" \/>\n<script type=\"application\/ld+json\" class=\"yoast-schema-graph\">{\"@context\":\"https:\/\/schema.org\",\"@graph\":[{\"@type\":\"WebPage\",\"@id\":\"https:\/\/www.esolutions.free2move.com\/eu\/de_ch\/laden-von-elektroautos-im-haushalt\/cpms\/\",\"url\":\"https:\/\/www.esolutions.free2move.com\/eu\/de_ch\/laden-von-elektroautos-im-haushalt\/cpms\/\",\"name\":\"CPMS Ressourcen | Free2move eSolutions\",\"isPartOf\":{\"@id\":\"https:\/\/www.esolutions.free2move.com\/eu\/en_def\/#website\"},\"datePublished\":\"2024-03-18T17:50:08+00:00\",\"description\":\"Greifen Sie auf die Bibliothek zu und finden Sie alle Spezifikationen und Informationen zu CPMS, dem Portal zur \u00dcberwachung Ihrer Ladeger\u00e4te.\",\"breadcrumb\":{\"@id\":\"https:\/\/www.esolutions.free2move.com\/eu\/de_ch\/laden-von-elektroautos-im-haushalt\/cpms\/#breadcrumb\"},\"inLanguage\":\"de-ch\",\"potentialAction\":[{\"@type\":\"ReadAction\",\"target\":[\"https:\/\/www.esolutions.free2move.com\/eu\/de_ch\/laden-von-elektroautos-im-haushalt\/cpms\/\"]}]},{\"@type\":\"BreadcrumbList\",\"@id\":\"https:\/\/www.esolutions.free2move.com\/eu\/de_ch\/laden-von-elektroautos-im-haushalt\/cpms\/#breadcrumb\",\"itemListElement\":[{\"@type\":\"ListItem\",\"position\":1,\"name\":\"Home\",\"item\":\"https:\/\/www.esolutions.free2move.com\/eu\/de_ch\/\"},{\"@type\":\"ListItem\",\"position\":2,\"name\":\"Laden zu Hause\",\"item\":\"https:\/\/www.esolutions.free2move.com\/eu\/de_ch\/laden-von-elektroautos-im-haushalt\/\"},{\"@type\":\"ListItem\",\"position\":3,\"name\":\"CPMS\"}]},{\"@type\":\"WebSite\",\"@id\":\"https:\/\/www.esolutions.free2move.com\/eu\/en_def\/#website\",\"url\":\"https:\/\/www.esolutions.free2move.com\/eu\/en_def\/\",\"name\":\"eSolutions europe\",\"description\":\"\",\"publisher\":{\"@id\":\"https:\/\/www.esolutions.free2move.com\/eu\/en_def\/#organization\"},\"potentialAction\":[{\"@type\":\"SearchAction\",\"target\":{\"@type\":\"EntryPoint\",\"urlTemplate\":\"https:\/\/www.esolutions.free2move.com\/eu\/en_def\/?s={search_term_string}\"},\"query-input\":{\"@type\":\"PropertyValueSpecification\",\"valueRequired\":true,\"valueName\":\"search_term_string\"}}],\"inLanguage\":\"de-ch\"},{\"@type\":\"Organization\",\"@id\":\"https:\/\/www.esolutions.free2move.com\/eu\/en_def\/#organization\",\"name\":\"eSolutions europe\",\"url\":\"https:\/\/www.esolutions.free2move.com\/eu\/en_def\/\",\"logo\":{\"@type\":\"ImageObject\",\"inLanguage\":\"de-ch\",\"@id\":\"https:\/\/www.esolutions.free2move.com\/eu\/en_def\/#\/schema\/logo\/image\/\",\"url\":\"https:\/\/www.esolutions.free2move.com\/eu\/wp-content\/uploads\/2024\/03\/logo-f2m-horizontal-1-1-1.png\",\"contentUrl\":\"https:\/\/www.esolutions.free2move.com\/eu\/wp-content\/uploads\/2024\/03\/logo-f2m-horizontal-1-1-1.png\",\"width\":865,\"height\":218,\"caption\":\"eSolutions europe\"},\"image\":{\"@id\":\"https:\/\/www.esolutions.free2move.com\/eu\/en_def\/#\/schema\/logo\/image\/\"}}]}<\/script>\n<!-- \/ Yoast SEO plugin. -->","yoast_head_json":{"title":"CPMS Ressourcen | Free2move eSolutions","description":"Greifen Sie auf die Bibliothek zu und finden Sie alle Spezifikationen und Informationen zu CPMS, dem Portal zur \u00dcberwachung Ihrer Ladeger\u00e4te.","robots":{"index":"index","follow":"follow","max-snippet":"max-snippet:-1","max-image-preview":"max-image-preview:large","max-video-preview":"max-video-preview:-1"},"canonical":"https:\/\/www.esolutions.free2move.com\/eu\/de_ch\/laden-von-elektroautos-im-haushalt\/cpms\/","og_locale":"de_DE","og_type":"article","og_title":"CPMS Ressourcen | Free2move eSolutions","og_description":"Greifen Sie auf die Bibliothek zu und finden Sie alle Spezifikationen und Informationen zu CPMS, dem Portal zur \u00dcberwachung Ihrer Ladeger\u00e4te.","og_url":"https:\/\/www.esolutions.free2move.com\/eu\/de_ch\/laden-von-elektroautos-im-haushalt\/cpms\/","og_site_name":"eSolution europe","twitter_card":"summary_large_image","twitter_misc":{"Est. reading time":"9 minutes"},"schema":{"@context":"https:\/\/schema.org","@graph":[{"@type":"WebPage","@id":"https:\/\/www.esolutions.free2move.com\/eu\/de_ch\/laden-von-elektroautos-im-haushalt\/cpms\/","url":"https:\/\/www.esolutions.free2move.com\/eu\/de_ch\/laden-von-elektroautos-im-haushalt\/cpms\/","name":"CPMS Ressourcen | Free2move eSolutions","isPartOf":{"@id":"https:\/\/www.esolutions.free2move.com\/eu\/en_def\/#website"},"datePublished":"2024-03-18T17:50:08+00:00","description":"Greifen Sie auf die Bibliothek zu und finden Sie alle Spezifikationen und Informationen zu CPMS, dem Portal zur \u00dcberwachung Ihrer Ladeger\u00e4te.","breadcrumb":{"@id":"https:\/\/www.esolutions.free2move.com\/eu\/de_ch\/laden-von-elektroautos-im-haushalt\/cpms\/#breadcrumb"},"inLanguage":"de-ch","potentialAction":[{"@type":"ReadAction","target":["https:\/\/www.esolutions.free2move.com\/eu\/de_ch\/laden-von-elektroautos-im-haushalt\/cpms\/"]}]},{"@type":"BreadcrumbList","@id":"https:\/\/www.esolutions.free2move.com\/eu\/de_ch\/laden-von-elektroautos-im-haushalt\/cpms\/#breadcrumb","itemListElement":[{"@type":"ListItem","position":1,"name":"Home","item":"https:\/\/www.esolutions.free2move.com\/eu\/de_ch\/"},{"@type":"ListItem","position":2,"name":"Laden zu Hause","item":"https:\/\/www.esolutions.free2move.com\/eu\/de_ch\/laden-von-elektroautos-im-haushalt\/"},{"@type":"ListItem","position":3,"name":"CPMS"}]},{"@type":"WebSite","@id":"https:\/\/www.esolutions.free2move.com\/eu\/en_def\/#website","url":"https:\/\/www.esolutions.free2move.com\/eu\/en_def\/","name":"eSolutions europe","description":"","publisher":{"@id":"https:\/\/www.esolutions.free2move.com\/eu\/en_def\/#organization"},"potentialAction":[{"@type":"SearchAction","target":{"@type":"EntryPoint","urlTemplate":"https:\/\/www.esolutions.free2move.com\/eu\/en_def\/?s={search_term_string}"},"query-input":{"@type":"PropertyValueSpecification","valueRequired":true,"valueName":"search_term_string"}}],"inLanguage":"de-ch"},{"@type":"Organization","@id":"https:\/\/www.esolutions.free2move.com\/eu\/en_def\/#organization","name":"eSolutions europe","url":"https:\/\/www.esolutions.free2move.com\/eu\/en_def\/","logo":{"@type":"ImageObject","inLanguage":"de-ch","@id":"https:\/\/www.esolutions.free2move.com\/eu\/en_def\/#\/schema\/logo\/image\/","url":"https:\/\/www.esolutions.free2move.com\/eu\/wp-content\/uploads\/2024\/03\/logo-f2m-horizontal-1-1-1.png","contentUrl":"https:\/\/www.esolutions.free2move.com\/eu\/wp-content\/uploads\/2024\/03\/logo-f2m-horizontal-1-1-1.png","width":865,"height":218,"caption":"eSolutions europe"},"image":{"@id":"https:\/\/www.esolutions.free2move.com\/eu\/en_def\/#\/schema\/logo\/image\/"}}]}},"_links":{"self":[{"href":"https:\/\/www.esolutions.free2move.com\/eu\/de_ch\/wp-json\/wp\/v2\/pages\/22445","targetHints":{"allow":["GET"]}}],"collection":[{"href":"https:\/\/www.esolutions.free2move.com\/eu\/de_ch\/wp-json\/wp\/v2\/pages"}],"about":[{"href":"https:\/\/www.esolutions.free2move.com\/eu\/de_ch\/wp-json\/wp\/v2\/types\/page"}],"author":[{"embeddable":true,"href":"https:\/\/www.esolutions.free2move.com\/eu\/de_ch\/wp-json\/wp\/v2\/users\/1"}],"replies":[{"embeddable":true,"href":"https:\/\/www.esolutions.free2move.com\/eu\/de_ch\/wp-json\/wp\/v2\/comments?post=22445"}],"version-history":[{"count":0,"href":"https:\/\/www.esolutions.free2move.com\/eu\/de_ch\/wp-json\/wp\/v2\/pages\/22445\/revisions"}],"up":[{"embeddable":true,"href":"https:\/\/www.esolutions.free2move.com\/eu\/de_ch\/wp-json\/wp\/v2\/pages\/22429"}],"wp:attachment":[{"href":"https:\/\/www.esolutions.free2move.com\/eu\/de_ch\/wp-json\/wp\/v2\/media?parent=22445"}],"curies":[{"name":"wp","href":"https:\/\/api.w.org\/{rel}","templated":true}]}}