{"id":22496,"date":"2024-03-18T14:50:07","date_gmt":"2024-03-18T14:50:07","guid":{"rendered":"https:\/\/test.esolutions.free2move.com\/eu\/governance-und-ethik\/mathilde-lheureux\/"},"modified":"2024-06-04T13:07:20","modified_gmt":"2024-06-04T13:07:20","slug":"mathilde-lheureux","status":"publish","type":"page","link":"https:\/\/www.esolutions.free2move.com\/eu\/de_at\/governance-und-ethik\/mathilde-lheureux\/","title":{"rendered":"Mathilde Lheureux"},"content":{"rendered":"<div id=\"cs-content\" class=\"cs-content\"><\/div>\n","protected":false},"excerpt":{"rendered":"<p>HomeMathilde Lheureux Gesch\u00e4ftsf\u00fchrender Direktor &nbsp; Mathilde Lheureux ist seit dem 1. November 2022 CEO von Free2move eSolutions. Sie verf\u00fcgt \u00fcber mehr als 15 Jahre Erfahrung in der Automobilbranche. Bevor sie im Januar 2021 zu Stellantis kam, war sie Leiterin der Abteilung Global Talent and Top Management bei der Groupe PSA. Zuvor war sie Stabschefin von Carlos Tavares in der Groupe &#8230; <\/p>\n<div><a href=\"https:\/\/www.esolutions.free2move.com\/eu\/de_at\/governance-und-ethik\/mathilde-lheureux\/\" class=\"more-link\">Read More<\/a><\/div>\n","protected":false},"author":1,"featured_media":0,"parent":22472,"menu_order":0,"comment_status":"closed","ping_status":"closed","template":"template-blank-4.php","meta":{"_acf_changed":false,"inline_featured_image":false,"footnotes":""},"class_list":["post-22496","page","type-page","status-publish","hentry","no-post-thumbnail"],"acf":[],"yoast_head":"<!-- This site is optimized with the Yoast SEO plugin v26.7 - https:\/\/yoast.com\/wordpress\/plugins\/seo\/ -->\n<title>Mathilde Lheureux - eSolution europe<\/title>\n<meta name=\"robots\" content=\"index, follow, max-snippet:-1, max-image-preview:large, max-video-preview:-1\" \/>\n<link rel=\"canonical\" href=\"https:\/\/www.esolutions.free2move.com\/eu\/de_at\/governance-und-ethik\/mathilde-lheureux\/\" \/>\n<meta property=\"og:locale\" content=\"de_DE\" \/>\n<meta property=\"og:type\" content=\"article\" \/>\n<meta property=\"og:title\" content=\"Mathilde Lheureux - eSolution europe\" \/>\n<meta property=\"og:description\" content=\"HomeMathilde Lheureux Gesch\u00e4ftsf\u00fchrender Direktor &nbsp; Mathilde Lheureux ist seit dem 1. November 2022 CEO von Free2move eSolutions. Sie verf\u00fcgt \u00fcber mehr als 15 Jahre Erfahrung in der Automobilbranche. Bevor sie im Januar 2021 zu Stellantis kam, war sie Leiterin der Abteilung Global Talent and Top Management bei der Groupe PSA. Zuvor war sie Stabschefin von Carlos Tavares in der Groupe ... Read More\" \/>\n<meta property=\"og:url\" content=\"https:\/\/www.esolutions.free2move.com\/eu\/de_at\/governance-und-ethik\/mathilde-lheureux\/\" \/>\n<meta property=\"og:site_name\" content=\"eSolution europe\" \/>\n<meta property=\"article:modified_time\" content=\"2024-06-04T13:07:20+00:00\" \/>\n<meta name=\"twitter:card\" content=\"summary_large_image\" \/>\n<meta name=\"twitter:label1\" content=\"Est. reading time\" \/>\n\t<meta name=\"twitter:data1\" content=\"1 minute\" \/>\n<script type=\"application\/ld+json\" class=\"yoast-schema-graph\">{\"@context\":\"https:\/\/schema.org\",\"@graph\":[{\"@type\":\"WebPage\",\"@id\":\"https:\/\/www.esolutions.free2move.com\/eu\/de_at\/governance-und-ethik\/mathilde-lheureux\/\",\"url\":\"https:\/\/www.esolutions.free2move.com\/eu\/de_at\/governance-und-ethik\/mathilde-lheureux\/\",\"name\":\"Mathilde Lheureux - eSolution europe\",\"isPartOf\":{\"@id\":\"https:\/\/www.esolutions.free2move.com\/eu\/en_def\/#website\"},\"datePublished\":\"2024-03-18T14:50:07+00:00\",\"dateModified\":\"2024-06-04T13:07:20+00:00\",\"breadcrumb\":{\"@id\":\"https:\/\/www.esolutions.free2move.com\/eu\/de_at\/governance-und-ethik\/mathilde-lheureux\/#breadcrumb\"},\"inLanguage\":\"de-at\",\"potentialAction\":[{\"@type\":\"ReadAction\",\"target\":[\"https:\/\/www.esolutions.free2move.com\/eu\/de_at\/governance-und-ethik\/mathilde-lheureux\/\"]}]},{\"@type\":\"BreadcrumbList\",\"@id\":\"https:\/\/www.esolutions.free2move.com\/eu\/de_at\/governance-und-ethik\/mathilde-lheureux\/#breadcrumb\",\"itemListElement\":[{\"@type\":\"ListItem\",\"position\":1,\"name\":\"Home\",\"item\":\"https:\/\/www.esolutions.free2move.com\/eu\/de_at\/\"},{\"@type\":\"ListItem\",\"position\":2,\"name\":\"Governance und Ethik\",\"item\":\"https:\/\/www.esolutions.free2move.com\/eu\/de_at\/governance-und-ethik\/\"},{\"@type\":\"ListItem\",\"position\":3,\"name\":\"Mathilde Lheureux\"}]},{\"@type\":\"WebSite\",\"@id\":\"https:\/\/www.esolutions.free2move.com\/eu\/en_def\/#website\",\"url\":\"https:\/\/www.esolutions.free2move.com\/eu\/en_def\/\",\"name\":\"eSolutions europe\",\"description\":\"\",\"publisher\":{\"@id\":\"https:\/\/www.esolutions.free2move.com\/eu\/en_def\/#organization\"},\"potentialAction\":[{\"@type\":\"SearchAction\",\"target\":{\"@type\":\"EntryPoint\",\"urlTemplate\":\"https:\/\/www.esolutions.free2move.com\/eu\/en_def\/?s={search_term_string}\"},\"query-input\":{\"@type\":\"PropertyValueSpecification\",\"valueRequired\":true,\"valueName\":\"search_term_string\"}}],\"inLanguage\":\"de-at\"},{\"@type\":\"Organization\",\"@id\":\"https:\/\/www.esolutions.free2move.com\/eu\/en_def\/#organization\",\"name\":\"eSolutions europe\",\"url\":\"https:\/\/www.esolutions.free2move.com\/eu\/en_def\/\",\"logo\":{\"@type\":\"ImageObject\",\"inLanguage\":\"de-at\",\"@id\":\"https:\/\/www.esolutions.free2move.com\/eu\/en_def\/#\/schema\/logo\/image\/\",\"url\":\"https:\/\/www.esolutions.free2move.com\/eu\/wp-content\/uploads\/2024\/03\/logo-f2m-horizontal-1-1-1.png\",\"contentUrl\":\"https:\/\/www.esolutions.free2move.com\/eu\/wp-content\/uploads\/2024\/03\/logo-f2m-horizontal-1-1-1.png\",\"width\":865,\"height\":218,\"caption\":\"eSolutions europe\"},\"image\":{\"@id\":\"https:\/\/www.esolutions.free2move.com\/eu\/en_def\/#\/schema\/logo\/image\/\"}}]}<\/script>\n<!-- \/ Yoast SEO plugin. -->","yoast_head_json":{"title":"Mathilde Lheureux - eSolution europe","robots":{"index":"index","follow":"follow","max-snippet":"max-snippet:-1","max-image-preview":"max-image-preview:large","max-video-preview":"max-video-preview:-1"},"canonical":"https:\/\/www.esolutions.free2move.com\/eu\/de_at\/governance-und-ethik\/mathilde-lheureux\/","og_locale":"de_DE","og_type":"article","og_title":"Mathilde Lheureux - eSolution europe","og_description":"HomeMathilde Lheureux Gesch\u00e4ftsf\u00fchrender Direktor &nbsp; Mathilde Lheureux ist seit dem 1. November 2022 CEO von Free2move eSolutions. Sie verf\u00fcgt \u00fcber mehr als 15 Jahre Erfahrung in der Automobilbranche. Bevor sie im Januar 2021 zu Stellantis kam, war sie Leiterin der Abteilung Global Talent and Top Management bei der Groupe PSA. Zuvor war sie Stabschefin von Carlos Tavares in der Groupe ... Read More","og_url":"https:\/\/www.esolutions.free2move.com\/eu\/de_at\/governance-und-ethik\/mathilde-lheureux\/","og_site_name":"eSolution europe","article_modified_time":"2024-06-04T13:07:20+00:00","twitter_card":"summary_large_image","twitter_misc":{"Est. reading time":"1 minute"},"schema":{"@context":"https:\/\/schema.org","@graph":[{"@type":"WebPage","@id":"https:\/\/www.esolutions.free2move.com\/eu\/de_at\/governance-und-ethik\/mathilde-lheureux\/","url":"https:\/\/www.esolutions.free2move.com\/eu\/de_at\/governance-und-ethik\/mathilde-lheureux\/","name":"Mathilde Lheureux - eSolution europe","isPartOf":{"@id":"https:\/\/www.esolutions.free2move.com\/eu\/en_def\/#website"},"datePublished":"2024-03-18T14:50:07+00:00","dateModified":"2024-06-04T13:07:20+00:00","breadcrumb":{"@id":"https:\/\/www.esolutions.free2move.com\/eu\/de_at\/governance-und-ethik\/mathilde-lheureux\/#breadcrumb"},"inLanguage":"de-at","potentialAction":[{"@type":"ReadAction","target":["https:\/\/www.esolutions.free2move.com\/eu\/de_at\/governance-und-ethik\/mathilde-lheureux\/"]}]},{"@type":"BreadcrumbList","@id":"https:\/\/www.esolutions.free2move.com\/eu\/de_at\/governance-und-ethik\/mathilde-lheureux\/#breadcrumb","itemListElement":[{"@type":"ListItem","position":1,"name":"Home","item":"https:\/\/www.esolutions.free2move.com\/eu\/de_at\/"},{"@type":"ListItem","position":2,"name":"Governance und Ethik","item":"https:\/\/www.esolutions.free2move.com\/eu\/de_at\/governance-und-ethik\/"},{"@type":"ListItem","position":3,"name":"Mathilde Lheureux"}]},{"@type":"WebSite","@id":"https:\/\/www.esolutions.free2move.com\/eu\/en_def\/#website","url":"https:\/\/www.esolutions.free2move.com\/eu\/en_def\/","name":"eSolutions europe","description":"","publisher":{"@id":"https:\/\/www.esolutions.free2move.com\/eu\/en_def\/#organization"},"potentialAction":[{"@type":"SearchAction","target":{"@type":"EntryPoint","urlTemplate":"https:\/\/www.esolutions.free2move.com\/eu\/en_def\/?s={search_term_string}"},"query-input":{"@type":"PropertyValueSpecification","valueRequired":true,"valueName":"search_term_string"}}],"inLanguage":"de-at"},{"@type":"Organization","@id":"https:\/\/www.esolutions.free2move.com\/eu\/en_def\/#organization","name":"eSolutions europe","url":"https:\/\/www.esolutions.free2move.com\/eu\/en_def\/","logo":{"@type":"ImageObject","inLanguage":"de-at","@id":"https:\/\/www.esolutions.free2move.com\/eu\/en_def\/#\/schema\/logo\/image\/","url":"https:\/\/www.esolutions.free2move.com\/eu\/wp-content\/uploads\/2024\/03\/logo-f2m-horizontal-1-1-1.png","contentUrl":"https:\/\/www.esolutions.free2move.com\/eu\/wp-content\/uploads\/2024\/03\/logo-f2m-horizontal-1-1-1.png","width":865,"height":218,"caption":"eSolutions europe"},"image":{"@id":"https:\/\/www.esolutions.free2move.com\/eu\/en_def\/#\/schema\/logo\/image\/"}}]}},"_links":{"self":[{"href":"https:\/\/www.esolutions.free2move.com\/eu\/de_at\/wp-json\/wp\/v2\/pages\/22496","targetHints":{"allow":["GET"]}}],"collection":[{"href":"https:\/\/www.esolutions.free2move.com\/eu\/de_at\/wp-json\/wp\/v2\/pages"}],"about":[{"href":"https:\/\/www.esolutions.free2move.com\/eu\/de_at\/wp-json\/wp\/v2\/types\/page"}],"author":[{"embeddable":true,"href":"https:\/\/www.esolutions.free2move.com\/eu\/de_at\/wp-json\/wp\/v2\/users\/1"}],"replies":[{"embeddable":true,"href":"https:\/\/www.esolutions.free2move.com\/eu\/de_at\/wp-json\/wp\/v2\/comments?post=22496"}],"version-history":[{"count":0,"href":"https:\/\/www.esolutions.free2move.com\/eu\/de_at\/wp-json\/wp\/v2\/pages\/22496\/revisions"}],"up":[{"embeddable":true,"href":"https:\/\/www.esolutions.free2move.com\/eu\/de_at\/wp-json\/wp\/v2\/pages\/22472"}],"wp:attachment":[{"href":"https:\/\/www.esolutions.free2move.com\/eu\/de_at\/wp-json\/wp\/v2\/media?parent=22496"}],"curies":[{"name":"wp","href":"https:\/\/api.w.org\/{rel}","templated":true}]}}